{"id":1466,"date":"2024-08-30T09:34:01","date_gmt":"2024-08-30T07:34:01","guid":{"rendered":"https:\/\/marclaffolay.com\/?page_id=1466"},"modified":"2024-11-10T08:52:23","modified_gmt":"2024-11-10T07:52:23","slug":"twilght-crossing","status":"publish","type":"page","link":"https:\/\/marclaffolay.com\/?page_id=1466","title":{"rendered":""},"content":{"rendered":"\n<div class=\"wp-block-group is-nowrap is-layout-flex wp-container-core-group-is-layout-6c531013 wp-block-group-is-layout-flex\"><\/div>\n\n\n\n<div class=\"wp-block-columns alignwide is-layout-flex wp-container-core-columns-is-layout-28f84493 wp-block-columns-is-layout-flex\">\n<div class=\"wp-block-column is-layout-flow wp-block-column-is-layout-flow\">\n<figure class=\"wp-block-image size-large\"><a href=\"https:\/\/marclaffolay.com\/wp-content\/uploads\/twilightcrossing.jpg\"><img loading=\"lazy\" decoding=\"async\" width=\"1024\" height=\"819\" src=\"https:\/\/marclaffolay.com\/wp-content\/uploads\/twilightcrossing-1024x819.jpg\" alt=\"D\u00e9tail de la peinture ayant pour titre TWILIGHT CROSSING\" class=\"wp-image-1467\" style=\"object-fit:cover\" srcset=\"https:\/\/marclaffolay.com\/wp-content\/uploads\/twilightcrossing-1024x819.jpg 1024w, https:\/\/marclaffolay.com\/wp-content\/uploads\/twilightcrossing-300x240.jpg 300w, https:\/\/marclaffolay.com\/wp-content\/uploads\/twilightcrossing-768x614.jpg 768w, https:\/\/marclaffolay.com\/wp-content\/uploads\/twilightcrossing.jpg 1500w\" sizes=\"auto, (max-width: 1024px) 100vw, 1024px\" \/><\/a><\/figure>\n<\/div>\n\n\n\n<div class=\"wp-block-column is-layout-flow wp-block-column-is-layout-flow\">\n<div class=\"wp-block-group is-vertical is-content-justification-center is-layout-flex wp-container-core-group-is-layout-ce155fab wp-block-group-is-layout-flex\">\n<p class=\"has-text-align-center\">TWILIGHT CROSSING<br>92 x 73 x 2 cm \u2013 36,22 x 28,74 x 0,79 in<br>Techniques Mixtes sur toile<\/p>\n\n\n\n<p class=\"has-text-align-center\">PRIVATE COLLECTION &#8211; FRANCE<\/p>\n\n\n\n<p class=\"has-text-align-center\"><\/p>\n\n\n\n<p class=\"has-text-align-center\"><\/p>\n<\/div>\n\n\n\n<div class=\"wp-block-group is-vertical is-content-justification-center is-layout-flex wp-container-core-group-is-layout-ce155fab wp-block-group-is-layout-flex\">\n<div class=\"wp-block-columns is-layout-flex wp-container-core-columns-is-layout-28f84493 wp-block-columns-is-layout-flex\">\n<div class=\"wp-block-column is-layout-flow wp-block-column-is-layout-flow\">\n<figure class=\"wp-block-image size-large is-resized\"><a href=\"https:\/\/marclaffolay.com\/wp-content\/uploads\/twilightcrossingfocus1.jpg\"><img loading=\"lazy\" decoding=\"async\" width=\"1024\" height=\"1024\" src=\"https:\/\/marclaffolay.com\/wp-content\/uploads\/twilightcrossingfocus1-1024x1024.jpg\" alt=\"D\u00e9tail de la peinture ayant pour titre TWILIGHT CROSSING\" class=\"wp-image-1468\" style=\"width:auto;height:100px\" srcset=\"https:\/\/marclaffolay.com\/wp-content\/uploads\/twilightcrossingfocus1-1024x1024.jpg 1024w, https:\/\/marclaffolay.com\/wp-content\/uploads\/twilightcrossingfocus1-300x300.jpg 300w, https:\/\/marclaffolay.com\/wp-content\/uploads\/twilightcrossingfocus1-150x150.jpg 150w, https:\/\/marclaffolay.com\/wp-content\/uploads\/twilightcrossingfocus1-768x768.jpg 768w, https:\/\/marclaffolay.com\/wp-content\/uploads\/twilightcrossingfocus1.jpg 1200w\" sizes=\"auto, (max-width: 1024px) 100vw, 1024px\" \/><\/a><\/figure>\n<\/div>\n\n\n\n<div class=\"wp-block-column is-layout-flow wp-block-column-is-layout-flow\">\n<figure class=\"wp-block-image size-large is-resized\"><a href=\"https:\/\/marclaffolay.com\/wp-content\/uploads\/twilightcrossingfocus2.jpg\"><img loading=\"lazy\" decoding=\"async\" width=\"1024\" height=\"1024\" src=\"https:\/\/marclaffolay.com\/wp-content\/uploads\/twilightcrossingfocus2-1024x1024.jpg\" alt=\"D\u00e9tail de la peinture ayant pour titre TWILIGHT CROSSING\" class=\"wp-image-1469\" style=\"width:auto;height:100px\" srcset=\"https:\/\/marclaffolay.com\/wp-content\/uploads\/twilightcrossingfocus2-1024x1024.jpg 1024w, https:\/\/marclaffolay.com\/wp-content\/uploads\/twilightcrossingfocus2-300x300.jpg 300w, https:\/\/marclaffolay.com\/wp-content\/uploads\/twilightcrossingfocus2-150x150.jpg 150w, https:\/\/marclaffolay.com\/wp-content\/uploads\/twilightcrossingfocus2-768x768.jpg 768w, https:\/\/marclaffolay.com\/wp-content\/uploads\/twilightcrossingfocus2.jpg 1200w\" sizes=\"auto, (max-width: 1024px) 100vw, 1024px\" \/><\/a><\/figure>\n<\/div>\n\n\n\n<div class=\"wp-block-column is-layout-flow wp-block-column-is-layout-flow\">\n<figure class=\"wp-block-image size-large is-resized\"><a href=\"https:\/\/marclaffolay.com\/wp-content\/uploads\/twilightcrossingfocus3.jpg\"><img loading=\"lazy\" decoding=\"async\" width=\"1024\" height=\"1024\" src=\"https:\/\/marclaffolay.com\/wp-content\/uploads\/twilightcrossingfocus3-1024x1024.jpg\" alt=\"D\u00e9tail de la peinture ayant pour titre TWILIGHT CROSSING\" class=\"wp-image-1470\" style=\"width:auto;height:100px\" srcset=\"https:\/\/marclaffolay.com\/wp-content\/uploads\/twilightcrossingfocus3-1024x1024.jpg 1024w, https:\/\/marclaffolay.com\/wp-content\/uploads\/twilightcrossingfocus3-300x300.jpg 300w, https:\/\/marclaffolay.com\/wp-content\/uploads\/twilightcrossingfocus3-150x150.jpg 150w, https:\/\/marclaffolay.com\/wp-content\/uploads\/twilightcrossingfocus3-768x768.jpg 768w, https:\/\/marclaffolay.com\/wp-content\/uploads\/twilightcrossingfocus3.jpg 1200w\" sizes=\"auto, (max-width: 1024px) 100vw, 1024px\" \/><\/a><\/figure>\n<\/div>\n<\/div>\n<\/div>\n\n\n\n<div class=\"wp-block-group is-vertical is-layout-flex wp-container-core-group-is-layout-fe9cc265 wp-block-group-is-layout-flex\"><\/div>\n\n\n\n<div class=\"wp-block-group is-vertical is-content-justification-center is-layout-flex wp-container-core-group-is-layout-ce155fab wp-block-group-is-layout-flex\">\n<figure class=\"wp-block-image size-full\"><a href=\"https:\/\/marclaffolay.com\/?page_id=393\"><img loading=\"lazy\" decoding=\"async\" width=\"64\" height=\"64\" src=\"https:\/\/marclaffolay.com\/wp-content\/uploads\/site\/retour64.png\" alt=\"\" class=\"wp-image-1209\"\/><\/a><\/figure>\n<\/div>\n\n\n\n<div class=\"wp-block-group is-vertical is-content-justification-center is-layout-flex wp-container-core-group-is-layout-ce155fab wp-block-group-is-layout-flex\"><\/div>\n\n\n\n<div class=\"wp-block-group is-vertical is-content-justification-center is-layout-flex wp-container-core-group-is-layout-ce155fab wp-block-group-is-layout-flex\">\n<p class=\"has-text-align-center\"><a href=\"https:\/\/marclaffolay.com\/?page_id=721\"><strong>RENSEIGNEMENTS \/ ENQUIRE<\/strong><\/a><\/p>\n<\/div>\n<\/div>\n<\/div>\n","protected":false},"excerpt":{"rendered":"<p>TWILIGHT CROSSING92 x 73 x 2 cm \u2013 36,22 x 28,74 x 0,79 inTechniques Mixtes sur toile PRIVATE COLLECTION &#8211; FRANCE RENSEIGNEMENTS \/ ENQUIRE<\/p>\n","protected":false},"author":1,"featured_media":0,"parent":0,"menu_order":0,"comment_status":"closed","ping_status":"closed","template":"","meta":{"footnotes":""},"class_list":["post-1466","page","type-page","status-publish","hentry"],"yoast_head":"<!-- This site is optimized with the Yoast SEO plugin v27.3 - https:\/\/yoast.com\/product\/yoast-seo-wordpress\/ -->\n<title>Twilight crossing - MARC LAFFOLAY<\/title>\n<meta name=\"description\" content=\"D\u00e9couvrez la peinture TWILIGHT CROSSING ,\u0153uvre de Marc Laffolay. Caract\u00e9ristiques : 92 x 73 x 2 cm \u2013 36,22 x 28,74 x 0,79 in, Techniques Mixtes sur toile\" \/>\n<meta name=\"robots\" content=\"index, follow, max-snippet:-1, max-image-preview:large, max-video-preview:-1\" \/>\n<link rel=\"canonical\" href=\"https:\/\/marclaffolay.com\/?page_id=1466\" \/>\n<meta property=\"og:locale\" content=\"fr_FR\" \/>\n<meta property=\"og:type\" content=\"article\" \/>\n<meta property=\"og:title\" content=\"Twilight crossing - MARC LAFFOLAY\" \/>\n<meta property=\"og:description\" content=\"D\u00e9couvrez la peinture TWILIGHT CROSSING ,\u0153uvre de Marc Laffolay. Caract\u00e9ristiques : 92 x 73 x 2 cm \u2013 36,22 x 28,74 x 0,79 in, Techniques Mixtes sur toile\" \/>\n<meta property=\"og:url\" content=\"https:\/\/marclaffolay.com\/?page_id=1466\" \/>\n<meta property=\"og:site_name\" content=\"MARC LAFFOLAY\" \/>\n<meta property=\"article:modified_time\" content=\"2024-11-10T07:52:23+00:00\" \/>\n<meta property=\"og:image\" content=\"https:\/\/marclaffolay.com\/wp-content\/uploads\/twilightcrossing-1024x819.jpg\" \/>\n\t<meta property=\"og:image:width\" content=\"1024\" \/>\n\t<meta property=\"og:image:height\" content=\"819\" \/>\n\t<meta property=\"og:image:type\" content=\"image\/jpeg\" \/>\n<meta name=\"twitter:card\" content=\"summary_large_image\" \/>\n<meta name=\"twitter:label1\" content=\"Dur\u00e9e de lecture estim\u00e9e\" \/>\n\t<meta name=\"twitter:data1\" content=\"2 minutes\" \/>\n<script type=\"application\/ld+json\" class=\"yoast-schema-graph\">{\"@context\":\"https:\\\/\\\/schema.org\",\"@graph\":[{\"@type\":\"WebPage\",\"@id\":\"https:\\\/\\\/marclaffolay.com\\\/?page_id=1466\",\"url\":\"https:\\\/\\\/marclaffolay.com\\\/?page_id=1466\",\"name\":\"Twilight crossing - MARC LAFFOLAY\",\"isPartOf\":{\"@id\":\"https:\\\/\\\/marclaffolay.com\\\/#website\"},\"primaryImageOfPage\":{\"@id\":\"https:\\\/\\\/marclaffolay.com\\\/?page_id=1466#primaryimage\"},\"image\":{\"@id\":\"https:\\\/\\\/marclaffolay.com\\\/?page_id=1466#primaryimage\"},\"thumbnailUrl\":\"https:\\\/\\\/marclaffolay.com\\\/wp-content\\\/uploads\\\/twilightcrossing-1024x819.jpg\",\"datePublished\":\"2024-08-30T07:34:01+00:00\",\"dateModified\":\"2024-11-10T07:52:23+00:00\",\"description\":\"D\u00e9couvrez la peinture TWILIGHT CROSSING ,\u0153uvre de Marc Laffolay. Caract\u00e9ristiques : 92 x 73 x 2 cm \u2013 36,22 x 28,74 x 0,79 in, Techniques Mixtes sur toile\",\"breadcrumb\":{\"@id\":\"https:\\\/\\\/marclaffolay.com\\\/?page_id=1466#breadcrumb\"},\"inLanguage\":\"fr-FR\",\"potentialAction\":[{\"@type\":\"ReadAction\",\"target\":[\"https:\\\/\\\/marclaffolay.com\\\/?page_id=1466\"]}]},{\"@type\":\"ImageObject\",\"inLanguage\":\"fr-FR\",\"@id\":\"https:\\\/\\\/marclaffolay.com\\\/?page_id=1466#primaryimage\",\"url\":\"https:\\\/\\\/marclaffolay.com\\\/wp-content\\\/uploads\\\/twilightcrossing.jpg\",\"contentUrl\":\"https:\\\/\\\/marclaffolay.com\\\/wp-content\\\/uploads\\\/twilightcrossing.jpg\",\"width\":1500,\"height\":1199},{\"@type\":\"BreadcrumbList\",\"@id\":\"https:\\\/\\\/marclaffolay.com\\\/?page_id=1466#breadcrumb\",\"itemListElement\":[{\"@type\":\"ListItem\",\"position\":1,\"name\":\"Accueil\",\"item\":\"https:\\\/\\\/marclaffolay.com\\\/\"},{\"@type\":\"ListItem\",\"position\":2,\"name\":\"Twilight crossing\"}]},{\"@type\":\"WebSite\",\"@id\":\"https:\\\/\\\/marclaffolay.com\\\/#website\",\"url\":\"https:\\\/\\\/marclaffolay.com\\\/\",\"name\":\"MARC LAFFOLAY\",\"description\":\"Artiste Marc Laffolay\",\"potentialAction\":[{\"@type\":\"SearchAction\",\"target\":{\"@type\":\"EntryPoint\",\"urlTemplate\":\"https:\\\/\\\/marclaffolay.com\\\/?s={search_term_string}\"},\"query-input\":{\"@type\":\"PropertyValueSpecification\",\"valueRequired\":true,\"valueName\":\"search_term_string\"}}],\"inLanguage\":\"fr-FR\"}]}<\/script>\n<!-- \/ Yoast SEO plugin. -->","yoast_head_json":{"title":"Twilight crossing - MARC LAFFOLAY","description":"D\u00e9couvrez la peinture TWILIGHT CROSSING ,\u0153uvre de Marc Laffolay. Caract\u00e9ristiques : 92 x 73 x 2 cm \u2013 36,22 x 28,74 x 0,79 in, Techniques Mixtes sur toile","robots":{"index":"index","follow":"follow","max-snippet":"max-snippet:-1","max-image-preview":"max-image-preview:large","max-video-preview":"max-video-preview:-1"},"canonical":"https:\/\/marclaffolay.com\/?page_id=1466","og_locale":"fr_FR","og_type":"article","og_title":"Twilight crossing - MARC LAFFOLAY","og_description":"D\u00e9couvrez la peinture TWILIGHT CROSSING ,\u0153uvre de Marc Laffolay. Caract\u00e9ristiques : 92 x 73 x 2 cm \u2013 36,22 x 28,74 x 0,79 in, Techniques Mixtes sur toile","og_url":"https:\/\/marclaffolay.com\/?page_id=1466","og_site_name":"MARC LAFFOLAY","article_modified_time":"2024-11-10T07:52:23+00:00","og_image":[{"width":1024,"height":819,"url":"https:\/\/marclaffolay.com\/wp-content\/uploads\/twilightcrossing-1024x819.jpg","type":"image\/jpeg"}],"twitter_card":"summary_large_image","twitter_misc":{"Dur\u00e9e de lecture estim\u00e9e":"2 minutes"},"schema":{"@context":"https:\/\/schema.org","@graph":[{"@type":"WebPage","@id":"https:\/\/marclaffolay.com\/?page_id=1466","url":"https:\/\/marclaffolay.com\/?page_id=1466","name":"Twilight crossing - MARC LAFFOLAY","isPartOf":{"@id":"https:\/\/marclaffolay.com\/#website"},"primaryImageOfPage":{"@id":"https:\/\/marclaffolay.com\/?page_id=1466#primaryimage"},"image":{"@id":"https:\/\/marclaffolay.com\/?page_id=1466#primaryimage"},"thumbnailUrl":"https:\/\/marclaffolay.com\/wp-content\/uploads\/twilightcrossing-1024x819.jpg","datePublished":"2024-08-30T07:34:01+00:00","dateModified":"2024-11-10T07:52:23+00:00","description":"D\u00e9couvrez la peinture TWILIGHT CROSSING ,\u0153uvre de Marc Laffolay. Caract\u00e9ristiques : 92 x 73 x 2 cm \u2013 36,22 x 28,74 x 0,79 in, Techniques Mixtes sur toile","breadcrumb":{"@id":"https:\/\/marclaffolay.com\/?page_id=1466#breadcrumb"},"inLanguage":"fr-FR","potentialAction":[{"@type":"ReadAction","target":["https:\/\/marclaffolay.com\/?page_id=1466"]}]},{"@type":"ImageObject","inLanguage":"fr-FR","@id":"https:\/\/marclaffolay.com\/?page_id=1466#primaryimage","url":"https:\/\/marclaffolay.com\/wp-content\/uploads\/twilightcrossing.jpg","contentUrl":"https:\/\/marclaffolay.com\/wp-content\/uploads\/twilightcrossing.jpg","width":1500,"height":1199},{"@type":"BreadcrumbList","@id":"https:\/\/marclaffolay.com\/?page_id=1466#breadcrumb","itemListElement":[{"@type":"ListItem","position":1,"name":"Accueil","item":"https:\/\/marclaffolay.com\/"},{"@type":"ListItem","position":2,"name":"Twilight crossing"}]},{"@type":"WebSite","@id":"https:\/\/marclaffolay.com\/#website","url":"https:\/\/marclaffolay.com\/","name":"MARC LAFFOLAY","description":"Artiste Marc Laffolay","potentialAction":[{"@type":"SearchAction","target":{"@type":"EntryPoint","urlTemplate":"https:\/\/marclaffolay.com\/?s={search_term_string}"},"query-input":{"@type":"PropertyValueSpecification","valueRequired":true,"valueName":"search_term_string"}}],"inLanguage":"fr-FR"}]}},"_links":{"self":[{"href":"https:\/\/marclaffolay.com\/index.php?rest_route=\/wp\/v2\/pages\/1466","targetHints":{"allow":["GET"]}}],"collection":[{"href":"https:\/\/marclaffolay.com\/index.php?rest_route=\/wp\/v2\/pages"}],"about":[{"href":"https:\/\/marclaffolay.com\/index.php?rest_route=\/wp\/v2\/types\/page"}],"author":[{"embeddable":true,"href":"https:\/\/marclaffolay.com\/index.php?rest_route=\/wp\/v2\/users\/1"}],"replies":[{"embeddable":true,"href":"https:\/\/marclaffolay.com\/index.php?rest_route=%2Fwp%2Fv2%2Fcomments&post=1466"}],"version-history":[{"count":3,"href":"https:\/\/marclaffolay.com\/index.php?rest_route=\/wp\/v2\/pages\/1466\/revisions"}],"predecessor-version":[{"id":2431,"href":"https:\/\/marclaffolay.com\/index.php?rest_route=\/wp\/v2\/pages\/1466\/revisions\/2431"}],"wp:attachment":[{"href":"https:\/\/marclaffolay.com\/index.php?rest_route=%2Fwp%2Fv2%2Fmedia&parent=1466"}],"curies":[{"name":"wp","href":"https:\/\/api.w.org\/{rel}","templated":true}]}}