{"id":1488,"date":"2024-08-30T10:17:23","date_gmt":"2024-08-30T08:17:23","guid":{"rendered":"https:\/\/marclaffolay.com\/?page_id=1488"},"modified":"2026-02-20T18:23:05","modified_gmt":"2026-02-20T17:23:05","slug":"une-ville","status":"publish","type":"page","link":"https:\/\/marclaffolay.com\/?page_id=1488","title":{"rendered":""},"content":{"rendered":"\n<div class=\"wp-block-group is-nowrap is-layout-flex wp-container-core-group-is-layout-6c531013 wp-block-group-is-layout-flex\"><\/div>\n\n\n\n<div class=\"wp-block-columns alignwide is-layout-flex wp-container-core-columns-is-layout-28f84493 wp-block-columns-is-layout-flex\">\n<div class=\"wp-block-column is-layout-flow wp-block-column-is-layout-flow\">\n<figure class=\"wp-block-image size-large\"><a href=\"https:\/\/marclaffolay.com\/wp-content\/uploads\/unevilleacity.jpg\"><img loading=\"lazy\" decoding=\"async\" width=\"1024\" height=\"822\" src=\"https:\/\/marclaffolay.com\/wp-content\/uploads\/unevilleacity-1024x822.jpg\" alt=\"Peinture ayant pour titre UNE VILLE\" class=\"wp-image-1489\" style=\"object-fit:cover\" srcset=\"https:\/\/marclaffolay.com\/wp-content\/uploads\/unevilleacity-1024x822.jpg 1024w, https:\/\/marclaffolay.com\/wp-content\/uploads\/unevilleacity-300x241.jpg 300w, https:\/\/marclaffolay.com\/wp-content\/uploads\/unevilleacity-768x617.jpg 768w, https:\/\/marclaffolay.com\/wp-content\/uploads\/unevilleacity.jpg 1400w\" sizes=\"auto, (max-width: 1024px) 100vw, 1024px\" \/><\/a><\/figure>\n<\/div>\n\n\n\n<div class=\"wp-block-column is-layout-flow wp-block-column-is-layout-flow\">\n<div class=\"wp-block-group is-vertical is-content-justification-center is-layout-flex wp-container-core-group-is-layout-ce155fab wp-block-group-is-layout-flex\">\n<p class=\"has-text-align-center\">UNE VILLE &#8211; A CITY<br>Techniques Mixtes sur toile<br>130 x 162 x 3 cm \u2013 51,18 x 63,78 x 1,18<\/p>\n\n\n\n<p class=\"has-text-align-center\"><strong>Prix : 4600\u20ac<\/strong><\/p>\n\n\n\n<div class=\"wp-block-buttons is-layout-flex wp-block-buttons-is-layout-flex\">\n<div class=\"wp-block-button\"><a class=\"wp-block-button__link has-contrast-color has-secondary-background-color has-text-color has-background has-link-color has-tiny-font-size has-custom-font-size wp-element-button\" href=\"https:\/\/marclaffolay.com\/?page_id=2547&amp;titre=UNE VILLE&amp;categorie=PEINTURES&amp;prix=4600\">Acheter ou faire une offre<\/a><\/div>\n<\/div>\n<\/div>\n\n\n\n<div class=\"wp-block-group is-vertical is-content-justification-center is-layout-flex wp-container-core-group-is-layout-ce155fab wp-block-group-is-layout-flex\">\n<div class=\"wp-block-columns is-layout-flex wp-container-core-columns-is-layout-28f84493 wp-block-columns-is-layout-flex\">\n<div class=\"wp-block-column is-layout-flow wp-block-column-is-layout-flow\">\n<figure class=\"wp-block-image size-large is-resized\"><a href=\"https:\/\/marclaffolay.com\/wp-content\/uploads\/unevilleacityfocus1.jpg\"><img loading=\"lazy\" decoding=\"async\" width=\"1024\" height=\"1024\" src=\"https:\/\/marclaffolay.com\/wp-content\/uploads\/unevilleacityfocus1-1024x1024.jpg\" alt=\"D\u00e9tail de la peinture ayant pour titre UNE VILLE\" class=\"wp-image-1490\" style=\"width:auto;height:100px\" srcset=\"https:\/\/marclaffolay.com\/wp-content\/uploads\/unevilleacityfocus1-1024x1024.jpg 1024w, https:\/\/marclaffolay.com\/wp-content\/uploads\/unevilleacityfocus1-300x300.jpg 300w, https:\/\/marclaffolay.com\/wp-content\/uploads\/unevilleacityfocus1-150x150.jpg 150w, https:\/\/marclaffolay.com\/wp-content\/uploads\/unevilleacityfocus1-768x768.jpg 768w, https:\/\/marclaffolay.com\/wp-content\/uploads\/unevilleacityfocus1.jpg 1500w\" sizes=\"auto, (max-width: 1024px) 100vw, 1024px\" \/><\/a><\/figure>\n<\/div>\n\n\n\n<div class=\"wp-block-column is-layout-flow wp-block-column-is-layout-flow\">\n<figure class=\"wp-block-image size-large is-resized\"><a href=\"https:\/\/marclaffolay.com\/wp-content\/uploads\/unevilleacityfoocus2.jpg\"><img loading=\"lazy\" decoding=\"async\" width=\"1024\" height=\"1024\" src=\"https:\/\/marclaffolay.com\/wp-content\/uploads\/unevilleacityfoocus2-1024x1024.jpg\" alt=\"D\u00e9tail de la peinture ayant pour titre UNE VILLE\" class=\"wp-image-1491\" style=\"width:auto;height:100px\" srcset=\"https:\/\/marclaffolay.com\/wp-content\/uploads\/unevilleacityfoocus2-1024x1024.jpg 1024w, https:\/\/marclaffolay.com\/wp-content\/uploads\/unevilleacityfoocus2-300x300.jpg 300w, https:\/\/marclaffolay.com\/wp-content\/uploads\/unevilleacityfoocus2-150x150.jpg 150w, https:\/\/marclaffolay.com\/wp-content\/uploads\/unevilleacityfoocus2-768x768.jpg 768w, https:\/\/marclaffolay.com\/wp-content\/uploads\/unevilleacityfoocus2.jpg 1500w\" sizes=\"auto, (max-width: 1024px) 100vw, 1024px\" \/><\/a><\/figure>\n<\/div>\n\n\n\n<div class=\"wp-block-column is-layout-flow wp-block-column-is-layout-flow\">\n<figure class=\"wp-block-image size-large is-resized\"><a href=\"https:\/\/marclaffolay.com\/wp-content\/uploads\/unevilleacityfocus3.jpg\"><img loading=\"lazy\" decoding=\"async\" width=\"1024\" height=\"1024\" src=\"https:\/\/marclaffolay.com\/wp-content\/uploads\/unevilleacityfocus3-1024x1024.jpg\" alt=\"D\u00e9tail de la peinture ayant pour titre UNE VILLE\" class=\"wp-image-1492\" style=\"width:auto;height:100px\" srcset=\"https:\/\/marclaffolay.com\/wp-content\/uploads\/unevilleacityfocus3-1024x1024.jpg 1024w, https:\/\/marclaffolay.com\/wp-content\/uploads\/unevilleacityfocus3-300x300.jpg 300w, https:\/\/marclaffolay.com\/wp-content\/uploads\/unevilleacityfocus3-150x150.jpg 150w, https:\/\/marclaffolay.com\/wp-content\/uploads\/unevilleacityfocus3-768x768.jpg 768w, https:\/\/marclaffolay.com\/wp-content\/uploads\/unevilleacityfocus3.jpg 1300w\" sizes=\"auto, (max-width: 1024px) 100vw, 1024px\" \/><\/a><\/figure>\n<\/div>\n<\/div>\n<\/div>\n\n\n\n<div class=\"wp-block-group is-vertical is-layout-flex wp-container-core-group-is-layout-fe9cc265 wp-block-group-is-layout-flex\"><\/div>\n\n\n\n<div class=\"wp-block-group is-vertical is-content-justification-center is-layout-flex wp-container-core-group-is-layout-ce155fab wp-block-group-is-layout-flex\">\n<figure class=\"wp-block-image size-full\"><a href=\"https:\/\/marclaffolay.com\/?page_id=384\"><img loading=\"lazy\" decoding=\"async\" width=\"64\" height=\"64\" src=\"https:\/\/marclaffolay.com\/wp-content\/uploads\/site\/retour64.png\" alt=\"\" class=\"wp-image-1209\"\/><\/a><\/figure>\n<\/div>\n\n\n\n<div class=\"wp-block-group is-vertical is-content-justification-center is-layout-flex wp-container-core-group-is-layout-ce155fab wp-block-group-is-layout-flex\"><\/div>\n\n\n\n<div class=\"wp-block-group is-vertical is-content-justification-center is-layout-flex wp-container-core-group-is-layout-ce155fab wp-block-group-is-layout-flex\">\n<p class=\"has-text-align-center\"><a href=\"https:\/\/marclaffolay.com\/?page_id=721\"><strong>RENSEIGNEMENTS \/ ENQUIRE<\/strong><\/a><\/p>\n<\/div>\n<\/div>\n<\/div>\n","protected":false},"excerpt":{"rendered":"<p>UNE VILLE &#8211; A CITYTechniques Mixtes sur toile130 x 162 x 3 cm \u2013 51,18 x 63,78 x 1,18 Prix : 4600\u20ac RENSEIGNEMENTS \/ ENQUIRE<\/p>\n","protected":false},"author":1,"featured_media":0,"parent":0,"menu_order":0,"comment_status":"closed","ping_status":"closed","template":"","meta":{"footnotes":""},"class_list":["post-1488","page","type-page","status-publish","hentry"],"yoast_head":"<!-- This site is optimized with the Yoast SEO plugin v27.5 - https:\/\/yoast.com\/product\/yoast-seo-wordpress\/ -->\n<title>Une ville - MARC LAFFOLAY<\/title>\n<meta name=\"description\" content=\"D\u00e9couvrez la peinture UNE VILLE ,\u0153uvre de Marc Laffolay. Caract\u00e9ristiques : Techniques Mixtes sur toile, 130 x 162 x 3 cm \u2013 51,18 x 63,78 x 1,18\" \/>\n<meta name=\"robots\" content=\"index, follow, max-snippet:-1, max-image-preview:large, max-video-preview:-1\" \/>\n<link rel=\"canonical\" href=\"https:\/\/marclaffolay.com\/?page_id=1488\" \/>\n<meta property=\"og:locale\" content=\"fr_FR\" \/>\n<meta property=\"og:type\" content=\"article\" \/>\n<meta property=\"og:title\" content=\"Une ville - MARC LAFFOLAY\" \/>\n<meta property=\"og:description\" content=\"D\u00e9couvrez la peinture UNE VILLE ,\u0153uvre de Marc Laffolay. Caract\u00e9ristiques : Techniques Mixtes sur toile, 130 x 162 x 3 cm \u2013 51,18 x 63,78 x 1,18\" \/>\n<meta property=\"og:url\" content=\"https:\/\/marclaffolay.com\/?page_id=1488\" \/>\n<meta property=\"og:site_name\" content=\"MARC LAFFOLAY\" \/>\n<meta property=\"article:modified_time\" content=\"2026-02-20T17:23:05+00:00\" \/>\n<meta property=\"og:image\" content=\"https:\/\/marclaffolay.com\/wp-content\/uploads\/unevilleacity.jpg\" \/>\n\t<meta property=\"og:image:width\" content=\"1400\" \/>\n\t<meta property=\"og:image:height\" content=\"1124\" \/>\n\t<meta property=\"og:image:type\" content=\"image\/jpeg\" \/>\n<meta name=\"twitter:card\" content=\"summary_large_image\" \/>\n<meta name=\"twitter:label1\" content=\"Dur\u00e9e de lecture estim\u00e9e\" \/>\n\t<meta name=\"twitter:data1\" content=\"2 minutes\" \/>\n<script type=\"application\/ld+json\" class=\"yoast-schema-graph\">{\"@context\":\"https:\\\/\\\/schema.org\",\"@graph\":[{\"@type\":\"WebPage\",\"@id\":\"https:\\\/\\\/marclaffolay.com\\\/?page_id=1488\",\"url\":\"https:\\\/\\\/marclaffolay.com\\\/?page_id=1488\",\"name\":\"Une ville - MARC LAFFOLAY\",\"isPartOf\":{\"@id\":\"https:\\\/\\\/marclaffolay.com\\\/#website\"},\"primaryImageOfPage\":{\"@id\":\"https:\\\/\\\/marclaffolay.com\\\/?page_id=1488#primaryimage\"},\"image\":{\"@id\":\"https:\\\/\\\/marclaffolay.com\\\/?page_id=1488#primaryimage\"},\"thumbnailUrl\":\"https:\\\/\\\/marclaffolay.com\\\/wp-content\\\/uploads\\\/unevilleacity-1024x822.jpg\",\"datePublished\":\"2024-08-30T08:17:23+00:00\",\"dateModified\":\"2026-02-20T17:23:05+00:00\",\"description\":\"D\u00e9couvrez la peinture UNE VILLE ,\u0153uvre de Marc Laffolay. Caract\u00e9ristiques : Techniques Mixtes sur toile, 130 x 162 x 3 cm \u2013 51,18 x 63,78 x 1,18\",\"breadcrumb\":{\"@id\":\"https:\\\/\\\/marclaffolay.com\\\/?page_id=1488#breadcrumb\"},\"inLanguage\":\"fr-FR\",\"potentialAction\":[{\"@type\":\"ReadAction\",\"target\":[\"https:\\\/\\\/marclaffolay.com\\\/?page_id=1488\"]}]},{\"@type\":\"ImageObject\",\"inLanguage\":\"fr-FR\",\"@id\":\"https:\\\/\\\/marclaffolay.com\\\/?page_id=1488#primaryimage\",\"url\":\"https:\\\/\\\/marclaffolay.com\\\/wp-content\\\/uploads\\\/unevilleacity.jpg\",\"contentUrl\":\"https:\\\/\\\/marclaffolay.com\\\/wp-content\\\/uploads\\\/unevilleacity.jpg\",\"width\":1400,\"height\":1124},{\"@type\":\"BreadcrumbList\",\"@id\":\"https:\\\/\\\/marclaffolay.com\\\/?page_id=1488#breadcrumb\",\"itemListElement\":[{\"@type\":\"ListItem\",\"position\":1,\"name\":\"Accueil\",\"item\":\"https:\\\/\\\/marclaffolay.com\\\/\"},{\"@type\":\"ListItem\",\"position\":2,\"name\":\"Une ville\"}]},{\"@type\":\"WebSite\",\"@id\":\"https:\\\/\\\/marclaffolay.com\\\/#website\",\"url\":\"https:\\\/\\\/marclaffolay.com\\\/\",\"name\":\"MARC LAFFOLAY\",\"description\":\"Artiste Marc Laffolay\",\"potentialAction\":[{\"@type\":\"SearchAction\",\"target\":{\"@type\":\"EntryPoint\",\"urlTemplate\":\"https:\\\/\\\/marclaffolay.com\\\/?s={search_term_string}\"},\"query-input\":{\"@type\":\"PropertyValueSpecification\",\"valueRequired\":true,\"valueName\":\"search_term_string\"}}],\"inLanguage\":\"fr-FR\"}]}<\/script>\n<!-- \/ Yoast SEO plugin. -->","yoast_head_json":{"title":"Une ville - MARC LAFFOLAY","description":"D\u00e9couvrez la peinture UNE VILLE ,\u0153uvre de Marc Laffolay. Caract\u00e9ristiques : Techniques Mixtes sur toile, 130 x 162 x 3 cm \u2013 51,18 x 63,78 x 1,18","robots":{"index":"index","follow":"follow","max-snippet":"max-snippet:-1","max-image-preview":"max-image-preview:large","max-video-preview":"max-video-preview:-1"},"canonical":"https:\/\/marclaffolay.com\/?page_id=1488","og_locale":"fr_FR","og_type":"article","og_title":"Une ville - MARC LAFFOLAY","og_description":"D\u00e9couvrez la peinture UNE VILLE ,\u0153uvre de Marc Laffolay. Caract\u00e9ristiques : Techniques Mixtes sur toile, 130 x 162 x 3 cm \u2013 51,18 x 63,78 x 1,18","og_url":"https:\/\/marclaffolay.com\/?page_id=1488","og_site_name":"MARC LAFFOLAY","article_modified_time":"2026-02-20T17:23:05+00:00","og_image":[{"width":1400,"height":1124,"url":"https:\/\/marclaffolay.com\/wp-content\/uploads\/unevilleacity.jpg","type":"image\/jpeg"}],"twitter_card":"summary_large_image","twitter_misc":{"Dur\u00e9e de lecture estim\u00e9e":"2 minutes"},"schema":{"@context":"https:\/\/schema.org","@graph":[{"@type":"WebPage","@id":"https:\/\/marclaffolay.com\/?page_id=1488","url":"https:\/\/marclaffolay.com\/?page_id=1488","name":"Une ville - MARC LAFFOLAY","isPartOf":{"@id":"https:\/\/marclaffolay.com\/#website"},"primaryImageOfPage":{"@id":"https:\/\/marclaffolay.com\/?page_id=1488#primaryimage"},"image":{"@id":"https:\/\/marclaffolay.com\/?page_id=1488#primaryimage"},"thumbnailUrl":"https:\/\/marclaffolay.com\/wp-content\/uploads\/unevilleacity-1024x822.jpg","datePublished":"2024-08-30T08:17:23+00:00","dateModified":"2026-02-20T17:23:05+00:00","description":"D\u00e9couvrez la peinture UNE VILLE ,\u0153uvre de Marc Laffolay. Caract\u00e9ristiques : Techniques Mixtes sur toile, 130 x 162 x 3 cm \u2013 51,18 x 63,78 x 1,18","breadcrumb":{"@id":"https:\/\/marclaffolay.com\/?page_id=1488#breadcrumb"},"inLanguage":"fr-FR","potentialAction":[{"@type":"ReadAction","target":["https:\/\/marclaffolay.com\/?page_id=1488"]}]},{"@type":"ImageObject","inLanguage":"fr-FR","@id":"https:\/\/marclaffolay.com\/?page_id=1488#primaryimage","url":"https:\/\/marclaffolay.com\/wp-content\/uploads\/unevilleacity.jpg","contentUrl":"https:\/\/marclaffolay.com\/wp-content\/uploads\/unevilleacity.jpg","width":1400,"height":1124},{"@type":"BreadcrumbList","@id":"https:\/\/marclaffolay.com\/?page_id=1488#breadcrumb","itemListElement":[{"@type":"ListItem","position":1,"name":"Accueil","item":"https:\/\/marclaffolay.com\/"},{"@type":"ListItem","position":2,"name":"Une ville"}]},{"@type":"WebSite","@id":"https:\/\/marclaffolay.com\/#website","url":"https:\/\/marclaffolay.com\/","name":"MARC LAFFOLAY","description":"Artiste Marc Laffolay","potentialAction":[{"@type":"SearchAction","target":{"@type":"EntryPoint","urlTemplate":"https:\/\/marclaffolay.com\/?s={search_term_string}"},"query-input":{"@type":"PropertyValueSpecification","valueRequired":true,"valueName":"search_term_string"}}],"inLanguage":"fr-FR"}]}},"_links":{"self":[{"href":"https:\/\/marclaffolay.com\/index.php?rest_route=\/wp\/v2\/pages\/1488","targetHints":{"allow":["GET"]}}],"collection":[{"href":"https:\/\/marclaffolay.com\/index.php?rest_route=\/wp\/v2\/pages"}],"about":[{"href":"https:\/\/marclaffolay.com\/index.php?rest_route=\/wp\/v2\/types\/page"}],"author":[{"embeddable":true,"href":"https:\/\/marclaffolay.com\/index.php?rest_route=\/wp\/v2\/users\/1"}],"replies":[{"embeddable":true,"href":"https:\/\/marclaffolay.com\/index.php?rest_route=%2Fwp%2Fv2%2Fcomments&post=1488"}],"version-history":[{"count":4,"href":"https:\/\/marclaffolay.com\/index.php?rest_route=\/wp\/v2\/pages\/1488\/revisions"}],"predecessor-version":[{"id":2943,"href":"https:\/\/marclaffolay.com\/index.php?rest_route=\/wp\/v2\/pages\/1488\/revisions\/2943"}],"wp:attachment":[{"href":"https:\/\/marclaffolay.com\/index.php?rest_route=%2Fwp%2Fv2%2Fmedia&parent=1488"}],"curies":[{"name":"wp","href":"https:\/\/api.w.org\/{rel}","templated":true}]}}