{"id":2794,"date":"2025-11-21T16:47:24","date_gmt":"2025-11-21T15:47:24","guid":{"rendered":"https:\/\/marclaffolay.com\/?page_id=2794"},"modified":"2026-04-17T16:53:07","modified_gmt":"2026-04-17T14:53:07","slug":"les-passants-i","status":"publish","type":"page","link":"https:\/\/marclaffolay.com\/?page_id=2794","title":{"rendered":""},"content":{"rendered":"\n<div class=\"wp-block-group alignwide is-content-justification-center is-nowrap is-layout-flex wp-container-core-group-is-layout-23441af8 wp-block-group-is-layout-flex\">\n<p class=\"has-white-color has-text-color has-link-color has-xx-large-font-size wp-elements-220b0acdb509781febe9bf83588fe05c\">LES PASSANTS I<\/p>\n<\/div>\n\n\n\n<div class=\"wp-block-group alignwide is-content-justification-center is-nowrap is-layout-flex wp-container-core-group-is-layout-23441af8 wp-block-group-is-layout-flex\">\n<figure class=\"wp-block-image size-large\"><a href=\"https:\/\/marclaffolay.com\/?page_id=2873\"><img loading=\"lazy\" decoding=\"async\" width=\"1024\" height=\"651\" src=\"https:\/\/marclaffolay.com\/wp-content\/uploads\/attente-1024x651.jpg\" alt=\"\" class=\"wp-image-2795\" srcset=\"https:\/\/marclaffolay.com\/wp-content\/uploads\/attente-1024x651.jpg 1024w, https:\/\/marclaffolay.com\/wp-content\/uploads\/attente-300x191.jpg 300w, https:\/\/marclaffolay.com\/wp-content\/uploads\/attente-768x488.jpg 768w, https:\/\/marclaffolay.com\/wp-content\/uploads\/attente.jpg 1500w\" sizes=\"auto, (max-width: 1024px) 100vw, 1024px\" \/><\/a><\/figure>\n\n\n\n<figure class=\"wp-block-image size-large\"><a href=\"https:\/\/marclaffolay.com\/?page_id=2885\"><img loading=\"lazy\" decoding=\"async\" width=\"1024\" height=\"762\" src=\"https:\/\/marclaffolay.com\/wp-content\/uploads\/colline-1-1024x762.jpg\" alt=\"\" class=\"wp-image-2796\" srcset=\"https:\/\/marclaffolay.com\/wp-content\/uploads\/colline-1-1024x762.jpg 1024w, https:\/\/marclaffolay.com\/wp-content\/uploads\/colline-1-300x223.jpg 300w, https:\/\/marclaffolay.com\/wp-content\/uploads\/colline-1-768x571.jpg 768w, https:\/\/marclaffolay.com\/wp-content\/uploads\/colline-1.jpg 1500w\" sizes=\"auto, (max-width: 1024px) 100vw, 1024px\" \/><\/a><\/figure>\n\n\n\n<figure class=\"wp-block-image size-large\"><a href=\"https:\/\/marclaffolay.com\/?page_id=2867\"><img loading=\"lazy\" decoding=\"async\" width=\"655\" height=\"1024\" src=\"https:\/\/marclaffolay.com\/wp-content\/uploads\/commevalemonde-655x1024.jpg\" alt=\"\" class=\"wp-image-2797\" srcset=\"https:\/\/marclaffolay.com\/wp-content\/uploads\/commevalemonde-655x1024.jpg 655w, https:\/\/marclaffolay.com\/wp-content\/uploads\/commevalemonde-192x300.jpg 192w, https:\/\/marclaffolay.com\/wp-content\/uploads\/commevalemonde-768x1200.jpg 768w, https:\/\/marclaffolay.com\/wp-content\/uploads\/commevalemonde.jpg 939w\" sizes=\"auto, (max-width: 655px) 100vw, 655px\" \/><\/a><\/figure>\n\n\n\n<figure class=\"wp-block-image size-large\"><a href=\"https:\/\/marclaffolay.com\/?page_id=2879\"><img loading=\"lazy\" decoding=\"async\" width=\"1024\" height=\"653\" src=\"https:\/\/marclaffolay.com\/wp-content\/uploads\/hommesquimarchent-1024x653.jpg\" alt=\"\" class=\"wp-image-2798\" srcset=\"https:\/\/marclaffolay.com\/wp-content\/uploads\/hommesquimarchent-1024x653.jpg 1024w, https:\/\/marclaffolay.com\/wp-content\/uploads\/hommesquimarchent-300x191.jpg 300w, https:\/\/marclaffolay.com\/wp-content\/uploads\/hommesquimarchent-768x489.jpg 768w, https:\/\/marclaffolay.com\/wp-content\/uploads\/hommesquimarchent.jpg 1500w\" sizes=\"auto, (max-width: 1024px) 100vw, 1024px\" \/><\/a><\/figure>\n<\/div>\n\n\n\n<div class=\"wp-block-group alignwide is-content-justification-center is-nowrap is-layout-flex wp-container-core-group-is-layout-23441af8 wp-block-group-is-layout-flex\">\n<figure class=\"wp-block-image size-large\"><a href=\"https:\/\/marclaffolay.com\/?page_id=2891\"><img loading=\"lazy\" decoding=\"async\" width=\"1024\" height=\"769\" src=\"https:\/\/marclaffolay.com\/wp-content\/uploads\/lagrue-1024x769.jpg\" alt=\"\" class=\"wp-image-2799\" srcset=\"https:\/\/marclaffolay.com\/wp-content\/uploads\/lagrue-1024x769.jpg 1024w, https:\/\/marclaffolay.com\/wp-content\/uploads\/lagrue-300x225.jpg 300w, https:\/\/marclaffolay.com\/wp-content\/uploads\/lagrue-768x577.jpg 768w, https:\/\/marclaffolay.com\/wp-content\/uploads\/lagrue.jpg 1500w\" sizes=\"auto, (max-width: 1024px) 100vw, 1024px\" \/><\/a><\/figure>\n\n\n\n<figure class=\"wp-block-image size-large\"><a href=\"https:\/\/marclaffolay.com\/?page_id=2904\"><img loading=\"lazy\" decoding=\"async\" width=\"1024\" height=\"732\" src=\"https:\/\/marclaffolay.com\/wp-content\/uploads\/nonnonnon-1024x732.jpg\" alt=\"\" class=\"wp-image-2800\" srcset=\"https:\/\/marclaffolay.com\/wp-content\/uploads\/nonnonnon-1024x732.jpg 1024w, https:\/\/marclaffolay.com\/wp-content\/uploads\/nonnonnon-300x214.jpg 300w, https:\/\/marclaffolay.com\/wp-content\/uploads\/nonnonnon-768x549.jpg 768w, https:\/\/marclaffolay.com\/wp-content\/uploads\/nonnonnon.jpg 1500w\" sizes=\"auto, (max-width: 1024px) 100vw, 1024px\" \/><\/a><\/figure>\n\n\n\n<figure class=\"wp-block-image size-large\"><a href=\"https:\/\/marclaffolay.com\/?page_id=2898\"><img loading=\"lazy\" decoding=\"async\" width=\"1024\" height=\"768\" src=\"https:\/\/marclaffolay.com\/wp-content\/uploads\/scenedevie-1024x768.jpg\" alt=\"\" class=\"wp-image-2801\" srcset=\"https:\/\/marclaffolay.com\/wp-content\/uploads\/scenedevie-1024x768.jpg 1024w, https:\/\/marclaffolay.com\/wp-content\/uploads\/scenedevie-300x225.jpg 300w, https:\/\/marclaffolay.com\/wp-content\/uploads\/scenedevie-768x576.jpg 768w, https:\/\/marclaffolay.com\/wp-content\/uploads\/scenedevie.jpg 1500w\" sizes=\"auto, (max-width: 1024px) 100vw, 1024px\" \/><\/a><\/figure>\n<\/div>\n\n\n\n<div class=\"wp-block-group alignwide is-content-justification-center is-nowrap is-layout-flex wp-container-core-group-is-layout-23441af8 wp-block-group-is-layout-flex\">\n<figure class=\"wp-block-image size-large\"><a href=\"https:\/\/marclaffolay.com\/?page_id=3028\"><img loading=\"lazy\" decoding=\"async\" width=\"1024\" height=\"847\" src=\"https:\/\/marclaffolay.com\/wp-content\/uploads\/undejeunersurlherbe-1-1024x847.jpg\" alt=\"\" class=\"wp-image-3040\" srcset=\"https:\/\/marclaffolay.com\/wp-content\/uploads\/undejeunersurlherbe-1-1024x847.jpg 1024w, https:\/\/marclaffolay.com\/wp-content\/uploads\/undejeunersurlherbe-1-300x248.jpg 300w, https:\/\/marclaffolay.com\/wp-content\/uploads\/undejeunersurlherbe-1-768x635.jpg 768w, https:\/\/marclaffolay.com\/wp-content\/uploads\/undejeunersurlherbe-1.jpg 1500w\" sizes=\"auto, (max-width: 1024px) 100vw, 1024px\" \/><\/a><\/figure>\n\n\n\n<figure class=\"wp-block-image size-large\"><a href=\"https:\/\/marclaffolay.com\/?page_id=3034\"><img loading=\"lazy\" decoding=\"async\" width=\"1024\" height=\"853\" src=\"https:\/\/marclaffolay.com\/wp-content\/uploads\/lecirque-1-1024x853.jpg\" alt=\"\" class=\"wp-image-3041\" srcset=\"https:\/\/marclaffolay.com\/wp-content\/uploads\/lecirque-1-1024x853.jpg 1024w, https:\/\/marclaffolay.com\/wp-content\/uploads\/lecirque-1-300x250.jpg 300w, https:\/\/marclaffolay.com\/wp-content\/uploads\/lecirque-1-768x640.jpg 768w, https:\/\/marclaffolay.com\/wp-content\/uploads\/lecirque-1.jpg 1500w\" sizes=\"auto, (max-width: 1024px) 100vw, 1024px\" \/><\/a><\/figure>\n<\/div>\n\n\n\n<p><\/p>\n","protected":false},"excerpt":{"rendered":"<p>LES PASSANTS I<\/p>\n","protected":false},"author":1,"featured_media":0,"parent":0,"menu_order":0,"comment_status":"closed","ping_status":"closed","template":"","meta":{"footnotes":""},"class_list":["post-2794","page","type-page","status-publish","hentry"],"yoast_head":"<!-- This site is optimized with the Yoast SEO plugin v27.5 - https:\/\/yoast.com\/product\/yoast-seo-wordpress\/ -->\n<title>Les Passants I - MARC LAFFOLAY<\/title>\n<meta name=\"description\" content=\"Acc\u00e9dez \u00e0 la s\u00e9rie ANIMATA, une s\u00e9rie de Prints en \u00e9dition limit\u00e9e, r\u00e9alis\u00e9e par Marc Laffolay\" \/>\n<meta name=\"robots\" content=\"index, follow, max-snippet:-1, max-image-preview:large, max-video-preview:-1\" \/>\n<link rel=\"canonical\" href=\"https:\/\/marclaffolay.com\/?page_id=2794\" \/>\n<meta property=\"og:locale\" content=\"fr_FR\" \/>\n<meta property=\"og:type\" content=\"article\" \/>\n<meta property=\"og:title\" content=\"Les Passants I - MARC LAFFOLAY\" \/>\n<meta property=\"og:description\" content=\"Acc\u00e9dez \u00e0 la s\u00e9rie ANIMATA, une s\u00e9rie de Prints en \u00e9dition limit\u00e9e, r\u00e9alis\u00e9e par Marc Laffolay\" \/>\n<meta property=\"og:url\" content=\"https:\/\/marclaffolay.com\/?page_id=2794\" \/>\n<meta property=\"og:site_name\" content=\"MARC LAFFOLAY\" \/>\n<meta property=\"article:modified_time\" content=\"2026-04-17T14:53:07+00:00\" \/>\n<meta property=\"og:image\" content=\"https:\/\/marclaffolay.com\/wp-content\/uploads\/attente.jpg\" \/>\n\t<meta property=\"og:image:width\" content=\"1500\" \/>\n\t<meta property=\"og:image:height\" content=\"954\" \/>\n\t<meta property=\"og:image:type\" content=\"image\/jpeg\" \/>\n<meta name=\"twitter:card\" content=\"summary_large_image\" \/>\n<meta name=\"twitter:label1\" content=\"Dur\u00e9e de lecture estim\u00e9e\" \/>\n\t<meta name=\"twitter:data1\" content=\"2 minutes\" \/>\n<script type=\"application\/ld+json\" class=\"yoast-schema-graph\">{\"@context\":\"https:\\\/\\\/schema.org\",\"@graph\":[{\"@type\":\"WebPage\",\"@id\":\"https:\\\/\\\/marclaffolay.com\\\/?page_id=2794\",\"url\":\"https:\\\/\\\/marclaffolay.com\\\/?page_id=2794\",\"name\":\"Les Passants I - MARC LAFFOLAY\",\"isPartOf\":{\"@id\":\"https:\\\/\\\/marclaffolay.com\\\/#website\"},\"primaryImageOfPage\":{\"@id\":\"https:\\\/\\\/marclaffolay.com\\\/?page_id=2794#primaryimage\"},\"image\":{\"@id\":\"https:\\\/\\\/marclaffolay.com\\\/?page_id=2794#primaryimage\"},\"thumbnailUrl\":\"https:\\\/\\\/marclaffolay.com\\\/wp-content\\\/uploads\\\/attente-1024x651.jpg\",\"datePublished\":\"2025-11-21T15:47:24+00:00\",\"dateModified\":\"2026-04-17T14:53:07+00:00\",\"description\":\"Acc\u00e9dez \u00e0 la s\u00e9rie ANIMATA, une s\u00e9rie de Prints en \u00e9dition limit\u00e9e, r\u00e9alis\u00e9e par Marc Laffolay\",\"breadcrumb\":{\"@id\":\"https:\\\/\\\/marclaffolay.com\\\/?page_id=2794#breadcrumb\"},\"inLanguage\":\"fr-FR\",\"potentialAction\":[{\"@type\":\"ReadAction\",\"target\":[\"https:\\\/\\\/marclaffolay.com\\\/?page_id=2794\"]}]},{\"@type\":\"ImageObject\",\"inLanguage\":\"fr-FR\",\"@id\":\"https:\\\/\\\/marclaffolay.com\\\/?page_id=2794#primaryimage\",\"url\":\"https:\\\/\\\/marclaffolay.com\\\/wp-content\\\/uploads\\\/attente.jpg\",\"contentUrl\":\"https:\\\/\\\/marclaffolay.com\\\/wp-content\\\/uploads\\\/attente.jpg\",\"width\":1500,\"height\":954},{\"@type\":\"BreadcrumbList\",\"@id\":\"https:\\\/\\\/marclaffolay.com\\\/?page_id=2794#breadcrumb\",\"itemListElement\":[{\"@type\":\"ListItem\",\"position\":1,\"name\":\"Accueil\",\"item\":\"https:\\\/\\\/marclaffolay.com\\\/\"},{\"@type\":\"ListItem\",\"position\":2,\"name\":\"Les Passants I\"}]},{\"@type\":\"WebSite\",\"@id\":\"https:\\\/\\\/marclaffolay.com\\\/#website\",\"url\":\"https:\\\/\\\/marclaffolay.com\\\/\",\"name\":\"MARC LAFFOLAY\",\"description\":\"Artiste Marc Laffolay\",\"potentialAction\":[{\"@type\":\"SearchAction\",\"target\":{\"@type\":\"EntryPoint\",\"urlTemplate\":\"https:\\\/\\\/marclaffolay.com\\\/?s={search_term_string}\"},\"query-input\":{\"@type\":\"PropertyValueSpecification\",\"valueRequired\":true,\"valueName\":\"search_term_string\"}}],\"inLanguage\":\"fr-FR\"}]}<\/script>\n<!-- \/ Yoast SEO plugin. -->","yoast_head_json":{"title":"Les Passants I - MARC LAFFOLAY","description":"Acc\u00e9dez \u00e0 la s\u00e9rie ANIMATA, une s\u00e9rie de Prints en \u00e9dition limit\u00e9e, r\u00e9alis\u00e9e par Marc Laffolay","robots":{"index":"index","follow":"follow","max-snippet":"max-snippet:-1","max-image-preview":"max-image-preview:large","max-video-preview":"max-video-preview:-1"},"canonical":"https:\/\/marclaffolay.com\/?page_id=2794","og_locale":"fr_FR","og_type":"article","og_title":"Les Passants I - MARC LAFFOLAY","og_description":"Acc\u00e9dez \u00e0 la s\u00e9rie ANIMATA, une s\u00e9rie de Prints en \u00e9dition limit\u00e9e, r\u00e9alis\u00e9e par Marc Laffolay","og_url":"https:\/\/marclaffolay.com\/?page_id=2794","og_site_name":"MARC LAFFOLAY","article_modified_time":"2026-04-17T14:53:07+00:00","og_image":[{"width":1500,"height":954,"url":"https:\/\/marclaffolay.com\/wp-content\/uploads\/attente.jpg","type":"image\/jpeg"}],"twitter_card":"summary_large_image","twitter_misc":{"Dur\u00e9e de lecture estim\u00e9e":"2 minutes"},"schema":{"@context":"https:\/\/schema.org","@graph":[{"@type":"WebPage","@id":"https:\/\/marclaffolay.com\/?page_id=2794","url":"https:\/\/marclaffolay.com\/?page_id=2794","name":"Les Passants I - MARC LAFFOLAY","isPartOf":{"@id":"https:\/\/marclaffolay.com\/#website"},"primaryImageOfPage":{"@id":"https:\/\/marclaffolay.com\/?page_id=2794#primaryimage"},"image":{"@id":"https:\/\/marclaffolay.com\/?page_id=2794#primaryimage"},"thumbnailUrl":"https:\/\/marclaffolay.com\/wp-content\/uploads\/attente-1024x651.jpg","datePublished":"2025-11-21T15:47:24+00:00","dateModified":"2026-04-17T14:53:07+00:00","description":"Acc\u00e9dez \u00e0 la s\u00e9rie ANIMATA, une s\u00e9rie de Prints en \u00e9dition limit\u00e9e, r\u00e9alis\u00e9e par Marc Laffolay","breadcrumb":{"@id":"https:\/\/marclaffolay.com\/?page_id=2794#breadcrumb"},"inLanguage":"fr-FR","potentialAction":[{"@type":"ReadAction","target":["https:\/\/marclaffolay.com\/?page_id=2794"]}]},{"@type":"ImageObject","inLanguage":"fr-FR","@id":"https:\/\/marclaffolay.com\/?page_id=2794#primaryimage","url":"https:\/\/marclaffolay.com\/wp-content\/uploads\/attente.jpg","contentUrl":"https:\/\/marclaffolay.com\/wp-content\/uploads\/attente.jpg","width":1500,"height":954},{"@type":"BreadcrumbList","@id":"https:\/\/marclaffolay.com\/?page_id=2794#breadcrumb","itemListElement":[{"@type":"ListItem","position":1,"name":"Accueil","item":"https:\/\/marclaffolay.com\/"},{"@type":"ListItem","position":2,"name":"Les Passants I"}]},{"@type":"WebSite","@id":"https:\/\/marclaffolay.com\/#website","url":"https:\/\/marclaffolay.com\/","name":"MARC LAFFOLAY","description":"Artiste Marc Laffolay","potentialAction":[{"@type":"SearchAction","target":{"@type":"EntryPoint","urlTemplate":"https:\/\/marclaffolay.com\/?s={search_term_string}"},"query-input":{"@type":"PropertyValueSpecification","valueRequired":true,"valueName":"search_term_string"}}],"inLanguage":"fr-FR"}]}},"_links":{"self":[{"href":"https:\/\/marclaffolay.com\/index.php?rest_route=\/wp\/v2\/pages\/2794","targetHints":{"allow":["GET"]}}],"collection":[{"href":"https:\/\/marclaffolay.com\/index.php?rest_route=\/wp\/v2\/pages"}],"about":[{"href":"https:\/\/marclaffolay.com\/index.php?rest_route=\/wp\/v2\/types\/page"}],"author":[{"embeddable":true,"href":"https:\/\/marclaffolay.com\/index.php?rest_route=\/wp\/v2\/users\/1"}],"replies":[{"embeddable":true,"href":"https:\/\/marclaffolay.com\/index.php?rest_route=%2Fwp%2Fv2%2Fcomments&post=2794"}],"version-history":[{"count":5,"href":"https:\/\/marclaffolay.com\/index.php?rest_route=\/wp\/v2\/pages\/2794\/revisions"}],"predecessor-version":[{"id":3043,"href":"https:\/\/marclaffolay.com\/index.php?rest_route=\/wp\/v2\/pages\/2794\/revisions\/3043"}],"wp:attachment":[{"href":"https:\/\/marclaffolay.com\/index.php?rest_route=%2Fwp%2Fv2%2Fmedia&parent=2794"}],"curies":[{"name":"wp","href":"https:\/\/api.w.org\/{rel}","templated":true}]}}