{"id":2804,"date":"2025-11-21T16:51:47","date_gmt":"2025-11-21T15:51:47","guid":{"rendered":"https:\/\/marclaffolay.com\/?page_id=2804"},"modified":"2025-11-21T17:53:08","modified_gmt":"2025-11-21T16:53:08","slug":"les-passants-ii","status":"publish","type":"page","link":"https:\/\/marclaffolay.com\/?page_id=2804","title":{"rendered":""},"content":{"rendered":"\n<div class=\"wp-block-group alignwide is-content-justification-center is-nowrap is-layout-flex wp-container-core-group-is-layout-23441af8 wp-block-group-is-layout-flex\">\n<p class=\"has-white-color has-text-color has-link-color has-xx-large-font-size wp-elements-df1c91fccc9c0bd2b611fda686f7bf6e\">LES PASSANTS II<\/p>\n<\/div>\n\n\n\n<div class=\"wp-block-group alignwide is-content-justification-center is-nowrap is-layout-flex wp-container-core-group-is-layout-23441af8 wp-block-group-is-layout-flex\">\n<figure class=\"wp-block-image size-large\"><a href=\"https:\/\/marclaffolay.com\/?page_id=2825\"><img loading=\"lazy\" decoding=\"async\" width=\"719\" height=\"1024\" src=\"https:\/\/marclaffolay.com\/wp-content\/uploads\/lecontrebassiste-719x1024.jpg\" alt=\"\" class=\"wp-image-2806\" srcset=\"https:\/\/marclaffolay.com\/wp-content\/uploads\/lecontrebassiste-719x1024.jpg 719w, https:\/\/marclaffolay.com\/wp-content\/uploads\/lecontrebassiste-211x300.jpg 211w, https:\/\/marclaffolay.com\/wp-content\/uploads\/lecontrebassiste-768x1094.jpg 768w, https:\/\/marclaffolay.com\/wp-content\/uploads\/lecontrebassiste-1078x1536.jpg 1078w, https:\/\/marclaffolay.com\/wp-content\/uploads\/lecontrebassiste.jpg 1200w\" sizes=\"auto, (max-width: 719px) 100vw, 719px\" \/><\/a><\/figure>\n\n\n\n<figure class=\"wp-block-image size-large\"><a href=\"https:\/\/marclaffolay.com\/?page_id=2819\"><img loading=\"lazy\" decoding=\"async\" width=\"1024\" height=\"712\" src=\"https:\/\/marclaffolay.com\/wp-content\/uploads\/lepianiste-1024x712.jpg\" alt=\"\" class=\"wp-image-2808\" srcset=\"https:\/\/marclaffolay.com\/wp-content\/uploads\/lepianiste-1024x712.jpg 1024w, https:\/\/marclaffolay.com\/wp-content\/uploads\/lepianiste-300x209.jpg 300w, https:\/\/marclaffolay.com\/wp-content\/uploads\/lepianiste-768x534.jpg 768w, https:\/\/marclaffolay.com\/wp-content\/uploads\/lepianiste-1536x1069.jpg 1536w, https:\/\/marclaffolay.com\/wp-content\/uploads\/lepianiste.jpg 1650w\" sizes=\"auto, (max-width: 1024px) 100vw, 1024px\" \/><\/a><\/figure>\n\n\n\n<figure class=\"wp-block-image size-large\"><a href=\"https:\/\/marclaffolay.com\/?page_id=2855\"><img loading=\"lazy\" decoding=\"async\" width=\"1024\" height=\"719\" src=\"https:\/\/marclaffolay.com\/wp-content\/uploads\/lesbigotes-1024x719.jpg\" alt=\"\" class=\"wp-image-2809\" srcset=\"https:\/\/marclaffolay.com\/wp-content\/uploads\/lesbigotes-1024x719.jpg 1024w, https:\/\/marclaffolay.com\/wp-content\/uploads\/lesbigotes-300x211.jpg 300w, https:\/\/marclaffolay.com\/wp-content\/uploads\/lesbigotes-768x539.jpg 768w, https:\/\/marclaffolay.com\/wp-content\/uploads\/lesbigotes-1536x1079.jpg 1536w, https:\/\/marclaffolay.com\/wp-content\/uploads\/lesbigotes.jpg 1709w\" sizes=\"auto, (max-width: 1024px) 100vw, 1024px\" \/><\/a><\/figure>\n\n\n\n<figure class=\"wp-block-image size-large\"><a href=\"https:\/\/marclaffolay.com\/?page_id=2843\"><img loading=\"lazy\" decoding=\"async\" width=\"1024\" height=\"715\" src=\"https:\/\/marclaffolay.com\/wp-content\/uploads\/lespassants-1024x715.jpg\" alt=\"\" class=\"wp-image-2810\" srcset=\"https:\/\/marclaffolay.com\/wp-content\/uploads\/lespassants-1024x715.jpg 1024w, https:\/\/marclaffolay.com\/wp-content\/uploads\/lespassants-300x210.jpg 300w, https:\/\/marclaffolay.com\/wp-content\/uploads\/lespassants-768x537.jpg 768w, https:\/\/marclaffolay.com\/wp-content\/uploads\/lespassants.jpg 1500w\" sizes=\"auto, (max-width: 1024px) 100vw, 1024px\" \/><\/a><\/figure>\n<\/div>\n\n\n\n<div class=\"wp-block-group alignwide is-content-justification-center is-nowrap is-layout-flex wp-container-core-group-is-layout-23441af8 wp-block-group-is-layout-flex\">\n<figure class=\"wp-block-image size-large\"><a href=\"https:\/\/marclaffolay.com\/?page_id=2831\"><img loading=\"lazy\" decoding=\"async\" width=\"1024\" height=\"720\" src=\"https:\/\/marclaffolay.com\/wp-content\/uploads\/musiciens-2-1024x720.jpg\" alt=\"\" class=\"wp-image-2811\" srcset=\"https:\/\/marclaffolay.com\/wp-content\/uploads\/musiciens-2-1024x720.jpg 1024w, https:\/\/marclaffolay.com\/wp-content\/uploads\/musiciens-2-300x211.jpg 300w, https:\/\/marclaffolay.com\/wp-content\/uploads\/musiciens-2-768x540.jpg 768w, https:\/\/marclaffolay.com\/wp-content\/uploads\/musiciens-2.jpg 1500w\" sizes=\"auto, (max-width: 1024px) 100vw, 1024px\" \/><\/a><\/figure>\n\n\n\n<figure class=\"wp-block-image size-large\"><a href=\"https:\/\/marclaffolay.com\/?page_id=2861\"><img loading=\"lazy\" decoding=\"async\" width=\"1024\" height=\"731\" src=\"https:\/\/marclaffolay.com\/wp-content\/uploads\/nouspartironsdenuit-1024x731.jpg\" alt=\"\" class=\"wp-image-2812\" srcset=\"https:\/\/marclaffolay.com\/wp-content\/uploads\/nouspartironsdenuit-1024x731.jpg 1024w, https:\/\/marclaffolay.com\/wp-content\/uploads\/nouspartironsdenuit-300x214.jpg 300w, https:\/\/marclaffolay.com\/wp-content\/uploads\/nouspartironsdenuit-768x548.jpg 768w, https:\/\/marclaffolay.com\/wp-content\/uploads\/nouspartironsdenuit-1536x1097.jpg 1536w, https:\/\/marclaffolay.com\/wp-content\/uploads\/nouspartironsdenuit-2048x1462.jpg 2048w\" sizes=\"auto, (max-width: 1024px) 100vw, 1024px\" \/><\/a><\/figure>\n\n\n\n<figure class=\"wp-block-image size-large\"><a href=\"https:\/\/marclaffolay.com\/?page_id=2837\"><img loading=\"lazy\" decoding=\"async\" width=\"1024\" height=\"711\" src=\"https:\/\/marclaffolay.com\/wp-content\/uploads\/entrelesgouttesprincipale-1024x711.jpg\" alt=\"\" class=\"wp-image-2805\" srcset=\"https:\/\/marclaffolay.com\/wp-content\/uploads\/entrelesgouttesprincipale-1024x711.jpg 1024w, https:\/\/marclaffolay.com\/wp-content\/uploads\/entrelesgouttesprincipale-300x208.jpg 300w, https:\/\/marclaffolay.com\/wp-content\/uploads\/entrelesgouttesprincipale-768x533.jpg 768w, https:\/\/marclaffolay.com\/wp-content\/uploads\/entrelesgouttesprincipale.jpg 1500w\" sizes=\"auto, (max-width: 1024px) 100vw, 1024px\" \/><\/a><\/figure>\n\n\n\n<figure class=\"wp-block-image size-large\"><a href=\"https:\/\/marclaffolay.com\/?page_id=2849\"><img loading=\"lazy\" decoding=\"async\" width=\"1024\" height=\"725\" src=\"https:\/\/marclaffolay.com\/wp-content\/uploads\/vacancesauxflotsbleus-1024x725.jpg\" alt=\"\" class=\"wp-image-2813\" srcset=\"https:\/\/marclaffolay.com\/wp-content\/uploads\/vacancesauxflotsbleus-1024x725.jpg 1024w, https:\/\/marclaffolay.com\/wp-content\/uploads\/vacancesauxflotsbleus-300x212.jpg 300w, https:\/\/marclaffolay.com\/wp-content\/uploads\/vacancesauxflotsbleus-768x544.jpg 768w, https:\/\/marclaffolay.com\/wp-content\/uploads\/vacancesauxflotsbleus-1536x1087.jpg 1536w, https:\/\/marclaffolay.com\/wp-content\/uploads\/vacancesauxflotsbleus.jpg 1554w\" sizes=\"auto, (max-width: 1024px) 100vw, 1024px\" \/><\/a><\/figure>\n<\/div>\n\n\n\n<p><\/p>\n","protected":false},"excerpt":{"rendered":"<p>LES PASSANTS II<\/p>\n","protected":false},"author":1,"featured_media":0,"parent":0,"menu_order":0,"comment_status":"closed","ping_status":"closed","template":"","meta":{"footnotes":""},"class_list":["post-2804","page","type-page","status-publish","hentry"],"yoast_head":"<!-- This site is optimized with the Yoast SEO plugin v27.5 - https:\/\/yoast.com\/product\/yoast-seo-wordpress\/ -->\n<title>Les Passants II - MARC LAFFOLAY<\/title>\n<meta name=\"description\" content=\"Acc\u00e9dez \u00e0 la s\u00e9rie ANIMATA, une s\u00e9rie de Prints en \u00e9dition limit\u00e9e, r\u00e9alis\u00e9e par Marc Laffolay\" \/>\n<meta name=\"robots\" content=\"index, follow, max-snippet:-1, max-image-preview:large, max-video-preview:-1\" \/>\n<link rel=\"canonical\" href=\"https:\/\/marclaffolay.com\/?page_id=2804\" \/>\n<meta property=\"og:locale\" content=\"fr_FR\" \/>\n<meta property=\"og:type\" content=\"article\" \/>\n<meta property=\"og:title\" content=\"Les Passants II - MARC LAFFOLAY\" \/>\n<meta property=\"og:description\" content=\"Acc\u00e9dez \u00e0 la s\u00e9rie ANIMATA, une s\u00e9rie de Prints en \u00e9dition limit\u00e9e, r\u00e9alis\u00e9e par Marc Laffolay\" \/>\n<meta property=\"og:url\" content=\"https:\/\/marclaffolay.com\/?page_id=2804\" \/>\n<meta property=\"og:site_name\" content=\"MARC LAFFOLAY\" \/>\n<meta property=\"article:modified_time\" content=\"2025-11-21T16:53:08+00:00\" \/>\n<meta property=\"og:image\" content=\"https:\/\/marclaffolay.com\/wp-content\/uploads\/lecontrebassiste.jpg\" \/>\n\t<meta property=\"og:image:width\" content=\"1200\" \/>\n\t<meta property=\"og:image:height\" content=\"1710\" \/>\n\t<meta property=\"og:image:type\" content=\"image\/jpeg\" \/>\n<meta name=\"twitter:card\" content=\"summary_large_image\" \/>\n<meta name=\"twitter:label1\" content=\"Dur\u00e9e de lecture estim\u00e9e\" \/>\n\t<meta name=\"twitter:data1\" content=\"2 minutes\" \/>\n<script type=\"application\/ld+json\" class=\"yoast-schema-graph\">{\"@context\":\"https:\\\/\\\/schema.org\",\"@graph\":[{\"@type\":\"WebPage\",\"@id\":\"https:\\\/\\\/marclaffolay.com\\\/?page_id=2804\",\"url\":\"https:\\\/\\\/marclaffolay.com\\\/?page_id=2804\",\"name\":\"Les Passants II - MARC LAFFOLAY\",\"isPartOf\":{\"@id\":\"https:\\\/\\\/marclaffolay.com\\\/#website\"},\"primaryImageOfPage\":{\"@id\":\"https:\\\/\\\/marclaffolay.com\\\/?page_id=2804#primaryimage\"},\"image\":{\"@id\":\"https:\\\/\\\/marclaffolay.com\\\/?page_id=2804#primaryimage\"},\"thumbnailUrl\":\"https:\\\/\\\/marclaffolay.com\\\/wp-content\\\/uploads\\\/lecontrebassiste-719x1024.jpg\",\"datePublished\":\"2025-11-21T15:51:47+00:00\",\"dateModified\":\"2025-11-21T16:53:08+00:00\",\"description\":\"Acc\u00e9dez \u00e0 la s\u00e9rie ANIMATA, une s\u00e9rie de Prints en \u00e9dition limit\u00e9e, r\u00e9alis\u00e9e par Marc Laffolay\",\"breadcrumb\":{\"@id\":\"https:\\\/\\\/marclaffolay.com\\\/?page_id=2804#breadcrumb\"},\"inLanguage\":\"fr-FR\",\"potentialAction\":[{\"@type\":\"ReadAction\",\"target\":[\"https:\\\/\\\/marclaffolay.com\\\/?page_id=2804\"]}]},{\"@type\":\"ImageObject\",\"inLanguage\":\"fr-FR\",\"@id\":\"https:\\\/\\\/marclaffolay.com\\\/?page_id=2804#primaryimage\",\"url\":\"https:\\\/\\\/marclaffolay.com\\\/wp-content\\\/uploads\\\/lecontrebassiste.jpg\",\"contentUrl\":\"https:\\\/\\\/marclaffolay.com\\\/wp-content\\\/uploads\\\/lecontrebassiste.jpg\",\"width\":1200,\"height\":1710},{\"@type\":\"BreadcrumbList\",\"@id\":\"https:\\\/\\\/marclaffolay.com\\\/?page_id=2804#breadcrumb\",\"itemListElement\":[{\"@type\":\"ListItem\",\"position\":1,\"name\":\"Accueil\",\"item\":\"https:\\\/\\\/marclaffolay.com\\\/\"},{\"@type\":\"ListItem\",\"position\":2,\"name\":\"Les Passants II\"}]},{\"@type\":\"WebSite\",\"@id\":\"https:\\\/\\\/marclaffolay.com\\\/#website\",\"url\":\"https:\\\/\\\/marclaffolay.com\\\/\",\"name\":\"MARC LAFFOLAY\",\"description\":\"Artiste Marc Laffolay\",\"potentialAction\":[{\"@type\":\"SearchAction\",\"target\":{\"@type\":\"EntryPoint\",\"urlTemplate\":\"https:\\\/\\\/marclaffolay.com\\\/?s={search_term_string}\"},\"query-input\":{\"@type\":\"PropertyValueSpecification\",\"valueRequired\":true,\"valueName\":\"search_term_string\"}}],\"inLanguage\":\"fr-FR\"}]}<\/script>\n<!-- \/ Yoast SEO plugin. -->","yoast_head_json":{"title":"Les Passants II - MARC LAFFOLAY","description":"Acc\u00e9dez \u00e0 la s\u00e9rie ANIMATA, une s\u00e9rie de Prints en \u00e9dition limit\u00e9e, r\u00e9alis\u00e9e par Marc Laffolay","robots":{"index":"index","follow":"follow","max-snippet":"max-snippet:-1","max-image-preview":"max-image-preview:large","max-video-preview":"max-video-preview:-1"},"canonical":"https:\/\/marclaffolay.com\/?page_id=2804","og_locale":"fr_FR","og_type":"article","og_title":"Les Passants II - MARC LAFFOLAY","og_description":"Acc\u00e9dez \u00e0 la s\u00e9rie ANIMATA, une s\u00e9rie de Prints en \u00e9dition limit\u00e9e, r\u00e9alis\u00e9e par Marc Laffolay","og_url":"https:\/\/marclaffolay.com\/?page_id=2804","og_site_name":"MARC LAFFOLAY","article_modified_time":"2025-11-21T16:53:08+00:00","og_image":[{"width":1200,"height":1710,"url":"https:\/\/marclaffolay.com\/wp-content\/uploads\/lecontrebassiste.jpg","type":"image\/jpeg"}],"twitter_card":"summary_large_image","twitter_misc":{"Dur\u00e9e de lecture estim\u00e9e":"2 minutes"},"schema":{"@context":"https:\/\/schema.org","@graph":[{"@type":"WebPage","@id":"https:\/\/marclaffolay.com\/?page_id=2804","url":"https:\/\/marclaffolay.com\/?page_id=2804","name":"Les Passants II - MARC LAFFOLAY","isPartOf":{"@id":"https:\/\/marclaffolay.com\/#website"},"primaryImageOfPage":{"@id":"https:\/\/marclaffolay.com\/?page_id=2804#primaryimage"},"image":{"@id":"https:\/\/marclaffolay.com\/?page_id=2804#primaryimage"},"thumbnailUrl":"https:\/\/marclaffolay.com\/wp-content\/uploads\/lecontrebassiste-719x1024.jpg","datePublished":"2025-11-21T15:51:47+00:00","dateModified":"2025-11-21T16:53:08+00:00","description":"Acc\u00e9dez \u00e0 la s\u00e9rie ANIMATA, une s\u00e9rie de Prints en \u00e9dition limit\u00e9e, r\u00e9alis\u00e9e par Marc Laffolay","breadcrumb":{"@id":"https:\/\/marclaffolay.com\/?page_id=2804#breadcrumb"},"inLanguage":"fr-FR","potentialAction":[{"@type":"ReadAction","target":["https:\/\/marclaffolay.com\/?page_id=2804"]}]},{"@type":"ImageObject","inLanguage":"fr-FR","@id":"https:\/\/marclaffolay.com\/?page_id=2804#primaryimage","url":"https:\/\/marclaffolay.com\/wp-content\/uploads\/lecontrebassiste.jpg","contentUrl":"https:\/\/marclaffolay.com\/wp-content\/uploads\/lecontrebassiste.jpg","width":1200,"height":1710},{"@type":"BreadcrumbList","@id":"https:\/\/marclaffolay.com\/?page_id=2804#breadcrumb","itemListElement":[{"@type":"ListItem","position":1,"name":"Accueil","item":"https:\/\/marclaffolay.com\/"},{"@type":"ListItem","position":2,"name":"Les Passants II"}]},{"@type":"WebSite","@id":"https:\/\/marclaffolay.com\/#website","url":"https:\/\/marclaffolay.com\/","name":"MARC LAFFOLAY","description":"Artiste Marc Laffolay","potentialAction":[{"@type":"SearchAction","target":{"@type":"EntryPoint","urlTemplate":"https:\/\/marclaffolay.com\/?s={search_term_string}"},"query-input":{"@type":"PropertyValueSpecification","valueRequired":true,"valueName":"search_term_string"}}],"inLanguage":"fr-FR"}]}},"_links":{"self":[{"href":"https:\/\/marclaffolay.com\/index.php?rest_route=\/wp\/v2\/pages\/2804","targetHints":{"allow":["GET"]}}],"collection":[{"href":"https:\/\/marclaffolay.com\/index.php?rest_route=\/wp\/v2\/pages"}],"about":[{"href":"https:\/\/marclaffolay.com\/index.php?rest_route=\/wp\/v2\/types\/page"}],"author":[{"embeddable":true,"href":"https:\/\/marclaffolay.com\/index.php?rest_route=\/wp\/v2\/users\/1"}],"replies":[{"embeddable":true,"href":"https:\/\/marclaffolay.com\/index.php?rest_route=%2Fwp%2Fv2%2Fcomments&post=2804"}],"version-history":[{"count":3,"href":"https:\/\/marclaffolay.com\/index.php?rest_route=\/wp\/v2\/pages\/2804\/revisions"}],"predecessor-version":[{"id":2913,"href":"https:\/\/marclaffolay.com\/index.php?rest_route=\/wp\/v2\/pages\/2804\/revisions\/2913"}],"wp:attachment":[{"href":"https:\/\/marclaffolay.com\/index.php?rest_route=%2Fwp%2Fv2%2Fmedia&parent=2804"}],"curies":[{"name":"wp","href":"https:\/\/api.w.org\/{rel}","templated":true}]}}