{"id":2978,"date":"2026-04-14T21:53:42","date_gmt":"2026-04-14T19:53:42","guid":{"rendered":"https:\/\/marclaffolay.com\/?page_id=2978"},"modified":"2026-04-14T22:15:19","modified_gmt":"2026-04-14T20:15:19","slug":"les-musiciennes","status":"publish","type":"page","link":"https:\/\/marclaffolay.com\/?page_id=2978","title":{"rendered":""},"content":{"rendered":"\n<div class=\"wp-block-group alignwide is-content-justification-center is-nowrap is-layout-flex wp-container-core-group-is-layout-23441af8 wp-block-group-is-layout-flex\">\n<p class=\"has-white-color has-text-color has-link-color has-xx-large-font-size wp-elements-220b0acdb509781febe9bf83588fe05c\">LES PASSANTS I<\/p>\n<\/div>\n\n\n\n<div class=\"wp-block-group alignwide is-content-justification-center is-nowrap is-layout-flex wp-container-core-group-is-layout-23441af8 wp-block-group-is-layout-flex\">\n<figure class=\"wp-block-image size-large\"><a href=\"https:\/\/marclaffolay.com\/?page_id=2989\"><img loading=\"lazy\" decoding=\"async\" width=\"1024\" height=\"717\" src=\"https:\/\/marclaffolay.com\/wp-content\/uploads\/labelleintention-1024x717.jpg\" alt=\"\" class=\"wp-image-2979\" srcset=\"https:\/\/marclaffolay.com\/wp-content\/uploads\/labelleintention-1024x717.jpg 1024w, https:\/\/marclaffolay.com\/wp-content\/uploads\/labelleintention-300x210.jpg 300w, https:\/\/marclaffolay.com\/wp-content\/uploads\/labelleintention-768x538.jpg 768w, https:\/\/marclaffolay.com\/wp-content\/uploads\/labelleintention.jpg 1500w\" sizes=\"auto, (max-width: 1024px) 100vw, 1024px\" \/><\/a><\/figure>\n\n\n\n<figure class=\"wp-block-image size-large\"><a href=\"https:\/\/marclaffolay.com\/?page_id=2995\"><img loading=\"lazy\" decoding=\"async\" width=\"1024\" height=\"717\" src=\"https:\/\/marclaffolay.com\/wp-content\/uploads\/meditation-1024x717.jpg\" alt=\"\" class=\"wp-image-2980\" srcset=\"https:\/\/marclaffolay.com\/wp-content\/uploads\/meditation-1024x717.jpg 1024w, https:\/\/marclaffolay.com\/wp-content\/uploads\/meditation-300x210.jpg 300w, https:\/\/marclaffolay.com\/wp-content\/uploads\/meditation-768x538.jpg 768w, https:\/\/marclaffolay.com\/wp-content\/uploads\/meditation.jpg 1500w\" sizes=\"auto, (max-width: 1024px) 100vw, 1024px\" \/><\/a><\/figure>\n\n\n\n<figure class=\"wp-block-image size-large\"><a href=\"https:\/\/marclaffolay.com\/?page_id=3002\"><img loading=\"lazy\" decoding=\"async\" width=\"1024\" height=\"717\" src=\"https:\/\/marclaffolay.com\/wp-content\/uploads\/parlafenetre-1024x717.jpg\" alt=\"\" class=\"wp-image-2981\" srcset=\"https:\/\/marclaffolay.com\/wp-content\/uploads\/parlafenetre-1024x717.jpg 1024w, https:\/\/marclaffolay.com\/wp-content\/uploads\/parlafenetre-300x210.jpg 300w, https:\/\/marclaffolay.com\/wp-content\/uploads\/parlafenetre-768x538.jpg 768w, https:\/\/marclaffolay.com\/wp-content\/uploads\/parlafenetre.jpg 1500w\" sizes=\"auto, (max-width: 1024px) 100vw, 1024px\" \/><\/a><\/figure>\n<\/div>\n\n\n\n<div class=\"wp-block-group alignwide is-content-justification-center is-nowrap is-layout-flex wp-container-core-group-is-layout-23441af8 wp-block-group-is-layout-flex\">\n<figure class=\"wp-block-image size-large\"><a href=\"https:\/\/marclaffolay.com\/?page_id=3008\"><img loading=\"lazy\" decoding=\"async\" width=\"1024\" height=\"717\" src=\"https:\/\/marclaffolay.com\/wp-content\/uploads\/sacreprintemps-1024x717.jpg\" alt=\"\" class=\"wp-image-2982\" srcset=\"https:\/\/marclaffolay.com\/wp-content\/uploads\/sacreprintemps-1024x717.jpg 1024w, https:\/\/marclaffolay.com\/wp-content\/uploads\/sacreprintemps-300x210.jpg 300w, https:\/\/marclaffolay.com\/wp-content\/uploads\/sacreprintemps-768x538.jpg 768w, https:\/\/marclaffolay.com\/wp-content\/uploads\/sacreprintemps.jpg 1500w\" sizes=\"auto, (max-width: 1024px) 100vw, 1024px\" \/><\/a><\/figure>\n\n\n\n<figure class=\"wp-block-image size-large\"><a href=\"https:\/\/marclaffolay.com\/?page_id=3014\"><img loading=\"lazy\" decoding=\"async\" width=\"1024\" height=\"717\" src=\"https:\/\/marclaffolay.com\/wp-content\/uploads\/crisscross-1024x717.jpg\" alt=\"\" class=\"wp-image-2983\" srcset=\"https:\/\/marclaffolay.com\/wp-content\/uploads\/crisscross-1024x717.jpg 1024w, https:\/\/marclaffolay.com\/wp-content\/uploads\/crisscross-300x210.jpg 300w, https:\/\/marclaffolay.com\/wp-content\/uploads\/crisscross-768x538.jpg 768w, https:\/\/marclaffolay.com\/wp-content\/uploads\/crisscross.jpg 1500w\" sizes=\"auto, (max-width: 1024px) 100vw, 1024px\" \/><\/a><\/figure>\n\n\n\n<figure class=\"wp-block-image size-large\"><a href=\"https:\/\/marclaffolay.com\/?page_id=3020\"><img loading=\"lazy\" decoding=\"async\" width=\"1024\" height=\"717\" src=\"https:\/\/marclaffolay.com\/wp-content\/uploads\/ilfautquetuteperdes-1024x717.jpg\" alt=\"\" class=\"wp-image-2984\" srcset=\"https:\/\/marclaffolay.com\/wp-content\/uploads\/ilfautquetuteperdes-1024x717.jpg 1024w, https:\/\/marclaffolay.com\/wp-content\/uploads\/ilfautquetuteperdes-300x210.jpg 300w, https:\/\/marclaffolay.com\/wp-content\/uploads\/ilfautquetuteperdes-768x538.jpg 768w, https:\/\/marclaffolay.com\/wp-content\/uploads\/ilfautquetuteperdes.jpg 1500w\" sizes=\"auto, (max-width: 1024px) 100vw, 1024px\" \/><\/a><\/figure>\n<\/div>\n\n\n\n<p><\/p>\n","protected":false},"excerpt":{"rendered":"<p>LES PASSANTS I<\/p>\n","protected":false},"author":1,"featured_media":0,"parent":0,"menu_order":0,"comment_status":"closed","ping_status":"closed","template":"","meta":{"footnotes":""},"class_list":["post-2978","page","type-page","status-publish","hentry"],"yoast_head":"<!-- This site is optimized with the Yoast SEO plugin v27.5 - https:\/\/yoast.com\/product\/yoast-seo-wordpress\/ -->\n<title>Les Musiciennes - MARC LAFFOLAY<\/title>\n<meta name=\"description\" content=\"Acc\u00e9dez \u00e0 la s\u00e9rie ANIMATA, une s\u00e9rie de Prints en \u00e9dition limit\u00e9e, r\u00e9alis\u00e9e par Marc Laffolay\" \/>\n<meta name=\"robots\" content=\"index, follow, max-snippet:-1, max-image-preview:large, max-video-preview:-1\" \/>\n<link rel=\"canonical\" href=\"https:\/\/marclaffolay.com\/?page_id=2978\" \/>\n<meta property=\"og:locale\" content=\"fr_FR\" \/>\n<meta property=\"og:type\" content=\"article\" \/>\n<meta property=\"og:title\" content=\"Les Musiciennes - MARC LAFFOLAY\" \/>\n<meta property=\"og:description\" content=\"Acc\u00e9dez \u00e0 la s\u00e9rie ANIMATA, une s\u00e9rie de Prints en \u00e9dition limit\u00e9e, r\u00e9alis\u00e9e par Marc Laffolay\" \/>\n<meta property=\"og:url\" content=\"https:\/\/marclaffolay.com\/?page_id=2978\" \/>\n<meta property=\"og:site_name\" content=\"MARC LAFFOLAY\" \/>\n<meta property=\"article:modified_time\" content=\"2026-04-14T20:15:19+00:00\" \/>\n<meta property=\"og:image\" content=\"https:\/\/marclaffolay.com\/wp-content\/uploads\/labelleintention.jpg\" \/>\n\t<meta property=\"og:image:width\" content=\"1500\" \/>\n\t<meta property=\"og:image:height\" content=\"1050\" \/>\n\t<meta property=\"og:image:type\" content=\"image\/jpeg\" \/>\n<meta name=\"twitter:card\" content=\"summary_large_image\" \/>\n<meta name=\"twitter:label1\" content=\"Dur\u00e9e de lecture estim\u00e9e\" \/>\n\t<meta name=\"twitter:data1\" content=\"2 minutes\" \/>\n<script type=\"application\/ld+json\" class=\"yoast-schema-graph\">{\"@context\":\"https:\\\/\\\/schema.org\",\"@graph\":[{\"@type\":\"WebPage\",\"@id\":\"https:\\\/\\\/marclaffolay.com\\\/?page_id=2978\",\"url\":\"https:\\\/\\\/marclaffolay.com\\\/?page_id=2978\",\"name\":\"Les Musiciennes - MARC LAFFOLAY\",\"isPartOf\":{\"@id\":\"https:\\\/\\\/marclaffolay.com\\\/#website\"},\"primaryImageOfPage\":{\"@id\":\"https:\\\/\\\/marclaffolay.com\\\/?page_id=2978#primaryimage\"},\"image\":{\"@id\":\"https:\\\/\\\/marclaffolay.com\\\/?page_id=2978#primaryimage\"},\"thumbnailUrl\":\"https:\\\/\\\/marclaffolay.com\\\/wp-content\\\/uploads\\\/labelleintention-1024x717.jpg\",\"datePublished\":\"2026-04-14T19:53:42+00:00\",\"dateModified\":\"2026-04-14T20:15:19+00:00\",\"description\":\"Acc\u00e9dez \u00e0 la s\u00e9rie ANIMATA, une s\u00e9rie de Prints en \u00e9dition limit\u00e9e, r\u00e9alis\u00e9e par Marc Laffolay\",\"breadcrumb\":{\"@id\":\"https:\\\/\\\/marclaffolay.com\\\/?page_id=2978#breadcrumb\"},\"inLanguage\":\"fr-FR\",\"potentialAction\":[{\"@type\":\"ReadAction\",\"target\":[\"https:\\\/\\\/marclaffolay.com\\\/?page_id=2978\"]}]},{\"@type\":\"ImageObject\",\"inLanguage\":\"fr-FR\",\"@id\":\"https:\\\/\\\/marclaffolay.com\\\/?page_id=2978#primaryimage\",\"url\":\"https:\\\/\\\/marclaffolay.com\\\/wp-content\\\/uploads\\\/labelleintention.jpg\",\"contentUrl\":\"https:\\\/\\\/marclaffolay.com\\\/wp-content\\\/uploads\\\/labelleintention.jpg\",\"width\":1500,\"height\":1050},{\"@type\":\"BreadcrumbList\",\"@id\":\"https:\\\/\\\/marclaffolay.com\\\/?page_id=2978#breadcrumb\",\"itemListElement\":[{\"@type\":\"ListItem\",\"position\":1,\"name\":\"Accueil\",\"item\":\"https:\\\/\\\/marclaffolay.com\\\/\"},{\"@type\":\"ListItem\",\"position\":2,\"name\":\"Les Musiciennes\"}]},{\"@type\":\"WebSite\",\"@id\":\"https:\\\/\\\/marclaffolay.com\\\/#website\",\"url\":\"https:\\\/\\\/marclaffolay.com\\\/\",\"name\":\"MARC LAFFOLAY\",\"description\":\"Artiste Marc Laffolay\",\"potentialAction\":[{\"@type\":\"SearchAction\",\"target\":{\"@type\":\"EntryPoint\",\"urlTemplate\":\"https:\\\/\\\/marclaffolay.com\\\/?s={search_term_string}\"},\"query-input\":{\"@type\":\"PropertyValueSpecification\",\"valueRequired\":true,\"valueName\":\"search_term_string\"}}],\"inLanguage\":\"fr-FR\"}]}<\/script>\n<!-- \/ Yoast SEO plugin. -->","yoast_head_json":{"title":"Les Musiciennes - MARC LAFFOLAY","description":"Acc\u00e9dez \u00e0 la s\u00e9rie ANIMATA, une s\u00e9rie de Prints en \u00e9dition limit\u00e9e, r\u00e9alis\u00e9e par Marc Laffolay","robots":{"index":"index","follow":"follow","max-snippet":"max-snippet:-1","max-image-preview":"max-image-preview:large","max-video-preview":"max-video-preview:-1"},"canonical":"https:\/\/marclaffolay.com\/?page_id=2978","og_locale":"fr_FR","og_type":"article","og_title":"Les Musiciennes - MARC LAFFOLAY","og_description":"Acc\u00e9dez \u00e0 la s\u00e9rie ANIMATA, une s\u00e9rie de Prints en \u00e9dition limit\u00e9e, r\u00e9alis\u00e9e par Marc Laffolay","og_url":"https:\/\/marclaffolay.com\/?page_id=2978","og_site_name":"MARC LAFFOLAY","article_modified_time":"2026-04-14T20:15:19+00:00","og_image":[{"width":1500,"height":1050,"url":"https:\/\/marclaffolay.com\/wp-content\/uploads\/labelleintention.jpg","type":"image\/jpeg"}],"twitter_card":"summary_large_image","twitter_misc":{"Dur\u00e9e de lecture estim\u00e9e":"2 minutes"},"schema":{"@context":"https:\/\/schema.org","@graph":[{"@type":"WebPage","@id":"https:\/\/marclaffolay.com\/?page_id=2978","url":"https:\/\/marclaffolay.com\/?page_id=2978","name":"Les Musiciennes - MARC LAFFOLAY","isPartOf":{"@id":"https:\/\/marclaffolay.com\/#website"},"primaryImageOfPage":{"@id":"https:\/\/marclaffolay.com\/?page_id=2978#primaryimage"},"image":{"@id":"https:\/\/marclaffolay.com\/?page_id=2978#primaryimage"},"thumbnailUrl":"https:\/\/marclaffolay.com\/wp-content\/uploads\/labelleintention-1024x717.jpg","datePublished":"2026-04-14T19:53:42+00:00","dateModified":"2026-04-14T20:15:19+00:00","description":"Acc\u00e9dez \u00e0 la s\u00e9rie ANIMATA, une s\u00e9rie de Prints en \u00e9dition limit\u00e9e, r\u00e9alis\u00e9e par Marc Laffolay","breadcrumb":{"@id":"https:\/\/marclaffolay.com\/?page_id=2978#breadcrumb"},"inLanguage":"fr-FR","potentialAction":[{"@type":"ReadAction","target":["https:\/\/marclaffolay.com\/?page_id=2978"]}]},{"@type":"ImageObject","inLanguage":"fr-FR","@id":"https:\/\/marclaffolay.com\/?page_id=2978#primaryimage","url":"https:\/\/marclaffolay.com\/wp-content\/uploads\/labelleintention.jpg","contentUrl":"https:\/\/marclaffolay.com\/wp-content\/uploads\/labelleintention.jpg","width":1500,"height":1050},{"@type":"BreadcrumbList","@id":"https:\/\/marclaffolay.com\/?page_id=2978#breadcrumb","itemListElement":[{"@type":"ListItem","position":1,"name":"Accueil","item":"https:\/\/marclaffolay.com\/"},{"@type":"ListItem","position":2,"name":"Les Musiciennes"}]},{"@type":"WebSite","@id":"https:\/\/marclaffolay.com\/#website","url":"https:\/\/marclaffolay.com\/","name":"MARC LAFFOLAY","description":"Artiste Marc Laffolay","potentialAction":[{"@type":"SearchAction","target":{"@type":"EntryPoint","urlTemplate":"https:\/\/marclaffolay.com\/?s={search_term_string}"},"query-input":{"@type":"PropertyValueSpecification","valueRequired":true,"valueName":"search_term_string"}}],"inLanguage":"fr-FR"}]}},"_links":{"self":[{"href":"https:\/\/marclaffolay.com\/index.php?rest_route=\/wp\/v2\/pages\/2978","targetHints":{"allow":["GET"]}}],"collection":[{"href":"https:\/\/marclaffolay.com\/index.php?rest_route=\/wp\/v2\/pages"}],"about":[{"href":"https:\/\/marclaffolay.com\/index.php?rest_route=\/wp\/v2\/types\/page"}],"author":[{"embeddable":true,"href":"https:\/\/marclaffolay.com\/index.php?rest_route=\/wp\/v2\/users\/1"}],"replies":[{"embeddable":true,"href":"https:\/\/marclaffolay.com\/index.php?rest_route=%2Fwp%2Fv2%2Fcomments&post=2978"}],"version-history":[{"count":2,"href":"https:\/\/marclaffolay.com\/index.php?rest_route=\/wp\/v2\/pages\/2978\/revisions"}],"predecessor-version":[{"id":3027,"href":"https:\/\/marclaffolay.com\/index.php?rest_route=\/wp\/v2\/pages\/2978\/revisions\/3027"}],"wp:attachment":[{"href":"https:\/\/marclaffolay.com\/index.php?rest_route=%2Fwp%2Fv2%2Fmedia&parent=2978"}],"curies":[{"name":"wp","href":"https:\/\/api.w.org\/{rel}","templated":true}]}}