{"id":3028,"date":"2026-04-17T16:49:50","date_gmt":"2026-04-17T14:49:50","guid":{"rendered":"https:\/\/marclaffolay.com\/?page_id=3028"},"modified":"2026-04-17T16:49:51","modified_gmt":"2026-04-17T14:49:51","slug":"un-dejeuner-sur-lherbe","status":"publish","type":"page","link":"https:\/\/marclaffolay.com\/?page_id=3028","title":{"rendered":""},"content":{"rendered":"\n<div class=\"wp-block-group is-nowrap is-layout-flex wp-container-core-group-is-layout-6c531013 wp-block-group-is-layout-flex\"><\/div>\n\n\n\n<div class=\"wp-block-columns alignwide is-layout-flex wp-container-core-columns-is-layout-28f84493 wp-block-columns-is-layout-flex\">\n<div class=\"wp-block-column is-layout-flow wp-block-column-is-layout-flow\">\n<figure class=\"wp-block-image size-large\"><a href=\"https:\/\/marclaffolay.com\/wp-content\/uploads\/undejeunersurlherbe.jpg\"><img loading=\"lazy\" decoding=\"async\" width=\"1024\" height=\"847\" src=\"https:\/\/marclaffolay.com\/wp-content\/uploads\/undejeunersurlherbe-1024x847.jpg\" alt=\"\" class=\"wp-image-3029\" style=\"object-fit:cover\" srcset=\"https:\/\/marclaffolay.com\/wp-content\/uploads\/undejeunersurlherbe-1024x847.jpg 1024w, https:\/\/marclaffolay.com\/wp-content\/uploads\/undejeunersurlherbe-300x248.jpg 300w, https:\/\/marclaffolay.com\/wp-content\/uploads\/undejeunersurlherbe-768x635.jpg 768w, https:\/\/marclaffolay.com\/wp-content\/uploads\/undejeunersurlherbe.jpg 1500w\" sizes=\"auto, (max-width: 1024px) 100vw, 1024px\" \/><\/a><\/figure>\n<\/div>\n\n\n\n<div class=\"wp-block-column is-layout-flow wp-block-column-is-layout-flow\">\n<div class=\"wp-block-group is-vertical is-content-justification-center is-layout-flex wp-container-core-group-is-layout-ce155fab wp-block-group-is-layout-flex\">\n<p class=\"has-text-align-center\">UN DEJEUNER SUR L&rsquo;HERBE<br>Techniques Mixtes sur papier Arches 300 gr<br>93,5 x 114 cm \u2013 93,5 x 114\u00a0 in<\/p>\n\n\n\n<p class=\"has-text-align-center\"><strong>Prix : 1400\u20ac<\/strong><\/p>\n\n\n\n<div class=\"wp-block-buttons is-layout-flex wp-block-buttons-is-layout-flex\">\n<div class=\"wp-block-button\"><a class=\"wp-block-button__link has-contrast-color has-secondary-background-color has-text-color has-background has-link-color has-tiny-font-size has-custom-font-size wp-element-button\" href=\"https:\/\/marclaffolay.com\/?page_id=2547&amp;titre=UN DEJEUNER SUR L'HERBE&amp;categorie=LESPASSANTSI&amp;prix=1400\">Acheter ou faire une offre<\/a><\/div>\n<\/div>\n\n\n\n<p class=\"has-text-align-center\"><\/p>\n<\/div>\n\n\n\n<div class=\"wp-block-group is-vertical is-content-justification-center is-layout-flex wp-container-core-group-is-layout-ce155fab wp-block-group-is-layout-flex\">\n<div class=\"wp-block-columns is-layout-flex wp-container-core-columns-is-layout-28f84493 wp-block-columns-is-layout-flex\">\n<div class=\"wp-block-column is-layout-flow wp-block-column-is-layout-flow\">\n<figure class=\"wp-block-image size-large is-resized\"><a href=\"https:\/\/marclaffolay.com\/wp-content\/uploads\/undejeunersurlherbedetail.jpg\"><img loading=\"lazy\" decoding=\"async\" width=\"1024\" height=\"1024\" src=\"https:\/\/marclaffolay.com\/wp-content\/uploads\/undejeunersurlherbedetail-1024x1024.jpg\" alt=\"\" class=\"wp-image-3030\" style=\"width:auto;height:100px\" srcset=\"https:\/\/marclaffolay.com\/wp-content\/uploads\/undejeunersurlherbedetail-1024x1024.jpg 1024w, https:\/\/marclaffolay.com\/wp-content\/uploads\/undejeunersurlherbedetail-300x300.jpg 300w, https:\/\/marclaffolay.com\/wp-content\/uploads\/undejeunersurlherbedetail-150x150.jpg 150w, https:\/\/marclaffolay.com\/wp-content\/uploads\/undejeunersurlherbedetail-768x768.jpg 768w, https:\/\/marclaffolay.com\/wp-content\/uploads\/undejeunersurlherbedetail.jpg 1200w\" sizes=\"auto, (max-width: 1024px) 100vw, 1024px\" \/><\/a><\/figure>\n<\/div>\n\n\n\n<div class=\"wp-block-column is-layout-flow wp-block-column-is-layout-flow\">\n<figure class=\"wp-block-image size-large is-resized\"><a href=\"https:\/\/marclaffolay.com\/wp-content\/uploads\/undejeunersurlherbedetail2.jpg\"><img loading=\"lazy\" decoding=\"async\" width=\"1024\" height=\"1024\" src=\"https:\/\/marclaffolay.com\/wp-content\/uploads\/undejeunersurlherbedetail2-1024x1024.jpg\" alt=\"\" class=\"wp-image-3031\" style=\"width:auto;height:100px\" srcset=\"https:\/\/marclaffolay.com\/wp-content\/uploads\/undejeunersurlherbedetail2-1024x1024.jpg 1024w, https:\/\/marclaffolay.com\/wp-content\/uploads\/undejeunersurlherbedetail2-300x300.jpg 300w, https:\/\/marclaffolay.com\/wp-content\/uploads\/undejeunersurlherbedetail2-150x150.jpg 150w, https:\/\/marclaffolay.com\/wp-content\/uploads\/undejeunersurlherbedetail2-768x768.jpg 768w, https:\/\/marclaffolay.com\/wp-content\/uploads\/undejeunersurlherbedetail2.jpg 1200w\" sizes=\"auto, (max-width: 1024px) 100vw, 1024px\" \/><\/a><\/figure>\n<\/div>\n\n\n\n<div class=\"wp-block-column is-layout-flow wp-block-column-is-layout-flow\">\n<figure class=\"wp-block-image size-large is-resized\"><a href=\"https:\/\/marclaffolay.com\/wp-content\/uploads\/undejeunersurlherbesituation.jpg\"><img loading=\"lazy\" decoding=\"async\" width=\"1024\" height=\"1024\" src=\"https:\/\/marclaffolay.com\/wp-content\/uploads\/undejeunersurlherbesituation-1024x1024.jpg\" alt=\"\" class=\"wp-image-3032\" style=\"width:auto;height:100px\" srcset=\"https:\/\/marclaffolay.com\/wp-content\/uploads\/undejeunersurlherbesituation-1024x1024.jpg 1024w, https:\/\/marclaffolay.com\/wp-content\/uploads\/undejeunersurlherbesituation-300x300.jpg 300w, https:\/\/marclaffolay.com\/wp-content\/uploads\/undejeunersurlherbesituation-150x150.jpg 150w, https:\/\/marclaffolay.com\/wp-content\/uploads\/undejeunersurlherbesituation-768x768.jpg 768w, https:\/\/marclaffolay.com\/wp-content\/uploads\/undejeunersurlherbesituation.jpg 1200w\" sizes=\"auto, (max-width: 1024px) 100vw, 1024px\" \/><\/a><\/figure>\n<\/div>\n<\/div>\n<\/div>\n\n\n\n<div class=\"wp-block-group is-vertical is-layout-flex wp-container-core-group-is-layout-fe9cc265 wp-block-group-is-layout-flex\"><\/div>\n\n\n\n<div class=\"wp-block-group is-vertical is-content-justification-center is-layout-flex wp-container-core-group-is-layout-ce155fab wp-block-group-is-layout-flex\">\n<figure class=\"wp-block-image size-full\"><a href=\"https:\/\/marclaffolay.com\/?page_id=2794\"><img loading=\"lazy\" decoding=\"async\" width=\"64\" height=\"64\" src=\"https:\/\/marclaffolay.com\/wp-content\/uploads\/site\/retour64.png\" alt=\"\" class=\"wp-image-1209\"\/><\/a><\/figure>\n<\/div>\n\n\n\n<div class=\"wp-block-group is-vertical is-content-justification-center is-layout-flex wp-container-core-group-is-layout-ce155fab wp-block-group-is-layout-flex\"><\/div>\n\n\n\n<div class=\"wp-block-group is-vertical is-content-justification-center is-layout-flex wp-container-core-group-is-layout-ce155fab wp-block-group-is-layout-flex\">\n<p class=\"has-text-align-center\"><a href=\"https:\/\/marclaffolay.com\/?page_id=721\"><strong>RENSEIGNEMENTS \/ ENQUIRE<\/strong><\/a><\/p>\n<\/div>\n<\/div>\n<\/div>\n","protected":false},"excerpt":{"rendered":"<p>UN DEJEUNER SUR L&rsquo;HERBETechniques Mixtes sur papier Arches 300 gr93,5 x 114 cm \u2013 93,5 x 114\u00a0 in Prix : 1400\u20ac RENSEIGNEMENTS \/ ENQUIRE<\/p>\n","protected":false},"author":1,"featured_media":0,"parent":0,"menu_order":0,"comment_status":"closed","ping_status":"closed","template":"","meta":{"footnotes":""},"class_list":["post-3028","page","type-page","status-publish","hentry"],"yoast_head":"<!-- This site is optimized with the Yoast SEO plugin v27.5 - https:\/\/yoast.com\/product\/yoast-seo-wordpress\/ -->\n<title>UN DEJEUNER SUR L&#039;HERBE - MARC LAFFOLAY<\/title>\n<meta name=\"description\" content=\"D\u00e9couvrez la peinture VILLE AU CREPUSCULE ,\u0153uvre de Marc Laffolay. Caract\u00e9ristiques : Techniques Mixtes sur toile, 100 x 100 x 3,5 cm \u2013 39,37 xc 39,37 x 1,38 in\" \/>\n<meta name=\"robots\" content=\"index, follow, max-snippet:-1, max-image-preview:large, max-video-preview:-1\" \/>\n<link rel=\"canonical\" href=\"https:\/\/marclaffolay.com\/?page_id=3028\" \/>\n<meta property=\"og:locale\" content=\"fr_FR\" \/>\n<meta property=\"og:type\" content=\"article\" \/>\n<meta property=\"og:title\" content=\"UN DEJEUNER SUR L&#039;HERBE - MARC LAFFOLAY\" \/>\n<meta property=\"og:description\" content=\"D\u00e9couvrez la peinture VILLE AU CREPUSCULE ,\u0153uvre de Marc Laffolay. Caract\u00e9ristiques : Techniques Mixtes sur toile, 100 x 100 x 3,5 cm \u2013 39,37 xc 39,37 x 1,38 in\" \/>\n<meta property=\"og:url\" content=\"https:\/\/marclaffolay.com\/?page_id=3028\" \/>\n<meta property=\"og:site_name\" content=\"MARC LAFFOLAY\" \/>\n<meta property=\"article:modified_time\" content=\"2026-04-17T14:49:51+00:00\" \/>\n<meta property=\"og:image\" content=\"https:\/\/marclaffolay.com\/wp-content\/uploads\/undejeunersurlherbe.jpg\" \/>\n\t<meta property=\"og:image:width\" content=\"1500\" \/>\n\t<meta property=\"og:image:height\" content=\"1240\" \/>\n\t<meta property=\"og:image:type\" content=\"image\/jpeg\" \/>\n<meta name=\"twitter:card\" content=\"summary_large_image\" \/>\n<meta name=\"twitter:label1\" content=\"Dur\u00e9e de lecture estim\u00e9e\" \/>\n\t<meta name=\"twitter:data1\" content=\"2 minutes\" \/>\n<script type=\"application\/ld+json\" class=\"yoast-schema-graph\">{\"@context\":\"https:\\\/\\\/schema.org\",\"@graph\":[{\"@type\":\"WebPage\",\"@id\":\"https:\\\/\\\/marclaffolay.com\\\/?page_id=3028\",\"url\":\"https:\\\/\\\/marclaffolay.com\\\/?page_id=3028\",\"name\":\"UN DEJEUNER SUR L'HERBE - MARC LAFFOLAY\",\"isPartOf\":{\"@id\":\"https:\\\/\\\/marclaffolay.com\\\/#website\"},\"primaryImageOfPage\":{\"@id\":\"https:\\\/\\\/marclaffolay.com\\\/?page_id=3028#primaryimage\"},\"image\":{\"@id\":\"https:\\\/\\\/marclaffolay.com\\\/?page_id=3028#primaryimage\"},\"thumbnailUrl\":\"https:\\\/\\\/marclaffolay.com\\\/wp-content\\\/uploads\\\/undejeunersurlherbe-1024x847.jpg\",\"datePublished\":\"2026-04-17T14:49:50+00:00\",\"dateModified\":\"2026-04-17T14:49:51+00:00\",\"description\":\"D\u00e9couvrez la peinture VILLE AU CREPUSCULE ,\u0153uvre de Marc Laffolay. Caract\u00e9ristiques : Techniques Mixtes sur toile, 100 x 100 x 3,5 cm \u2013 39,37 xc 39,37 x 1,38 in\",\"breadcrumb\":{\"@id\":\"https:\\\/\\\/marclaffolay.com\\\/?page_id=3028#breadcrumb\"},\"inLanguage\":\"fr-FR\",\"potentialAction\":[{\"@type\":\"ReadAction\",\"target\":[\"https:\\\/\\\/marclaffolay.com\\\/?page_id=3028\"]}]},{\"@type\":\"ImageObject\",\"inLanguage\":\"fr-FR\",\"@id\":\"https:\\\/\\\/marclaffolay.com\\\/?page_id=3028#primaryimage\",\"url\":\"https:\\\/\\\/marclaffolay.com\\\/wp-content\\\/uploads\\\/undejeunersurlherbe.jpg\",\"contentUrl\":\"https:\\\/\\\/marclaffolay.com\\\/wp-content\\\/uploads\\\/undejeunersurlherbe.jpg\",\"width\":1500,\"height\":1240},{\"@type\":\"BreadcrumbList\",\"@id\":\"https:\\\/\\\/marclaffolay.com\\\/?page_id=3028#breadcrumb\",\"itemListElement\":[{\"@type\":\"ListItem\",\"position\":1,\"name\":\"Accueil\",\"item\":\"https:\\\/\\\/marclaffolay.com\\\/\"},{\"@type\":\"ListItem\",\"position\":2,\"name\":\"UN DEJEUNER SUR L&rsquo;HERBE\"}]},{\"@type\":\"WebSite\",\"@id\":\"https:\\\/\\\/marclaffolay.com\\\/#website\",\"url\":\"https:\\\/\\\/marclaffolay.com\\\/\",\"name\":\"MARC LAFFOLAY\",\"description\":\"Artiste Marc Laffolay\",\"potentialAction\":[{\"@type\":\"SearchAction\",\"target\":{\"@type\":\"EntryPoint\",\"urlTemplate\":\"https:\\\/\\\/marclaffolay.com\\\/?s={search_term_string}\"},\"query-input\":{\"@type\":\"PropertyValueSpecification\",\"valueRequired\":true,\"valueName\":\"search_term_string\"}}],\"inLanguage\":\"fr-FR\"}]}<\/script>\n<!-- \/ Yoast SEO plugin. -->","yoast_head_json":{"title":"UN DEJEUNER SUR L'HERBE - MARC LAFFOLAY","description":"D\u00e9couvrez la peinture VILLE AU CREPUSCULE ,\u0153uvre de Marc Laffolay. Caract\u00e9ristiques : Techniques Mixtes sur toile, 100 x 100 x 3,5 cm \u2013 39,37 xc 39,37 x 1,38 in","robots":{"index":"index","follow":"follow","max-snippet":"max-snippet:-1","max-image-preview":"max-image-preview:large","max-video-preview":"max-video-preview:-1"},"canonical":"https:\/\/marclaffolay.com\/?page_id=3028","og_locale":"fr_FR","og_type":"article","og_title":"UN DEJEUNER SUR L'HERBE - MARC LAFFOLAY","og_description":"D\u00e9couvrez la peinture VILLE AU CREPUSCULE ,\u0153uvre de Marc Laffolay. Caract\u00e9ristiques : Techniques Mixtes sur toile, 100 x 100 x 3,5 cm \u2013 39,37 xc 39,37 x 1,38 in","og_url":"https:\/\/marclaffolay.com\/?page_id=3028","og_site_name":"MARC LAFFOLAY","article_modified_time":"2026-04-17T14:49:51+00:00","og_image":[{"width":1500,"height":1240,"url":"https:\/\/marclaffolay.com\/wp-content\/uploads\/undejeunersurlherbe.jpg","type":"image\/jpeg"}],"twitter_card":"summary_large_image","twitter_misc":{"Dur\u00e9e de lecture estim\u00e9e":"2 minutes"},"schema":{"@context":"https:\/\/schema.org","@graph":[{"@type":"WebPage","@id":"https:\/\/marclaffolay.com\/?page_id=3028","url":"https:\/\/marclaffolay.com\/?page_id=3028","name":"UN DEJEUNER SUR L'HERBE - MARC LAFFOLAY","isPartOf":{"@id":"https:\/\/marclaffolay.com\/#website"},"primaryImageOfPage":{"@id":"https:\/\/marclaffolay.com\/?page_id=3028#primaryimage"},"image":{"@id":"https:\/\/marclaffolay.com\/?page_id=3028#primaryimage"},"thumbnailUrl":"https:\/\/marclaffolay.com\/wp-content\/uploads\/undejeunersurlherbe-1024x847.jpg","datePublished":"2026-04-17T14:49:50+00:00","dateModified":"2026-04-17T14:49:51+00:00","description":"D\u00e9couvrez la peinture VILLE AU CREPUSCULE ,\u0153uvre de Marc Laffolay. Caract\u00e9ristiques : Techniques Mixtes sur toile, 100 x 100 x 3,5 cm \u2013 39,37 xc 39,37 x 1,38 in","breadcrumb":{"@id":"https:\/\/marclaffolay.com\/?page_id=3028#breadcrumb"},"inLanguage":"fr-FR","potentialAction":[{"@type":"ReadAction","target":["https:\/\/marclaffolay.com\/?page_id=3028"]}]},{"@type":"ImageObject","inLanguage":"fr-FR","@id":"https:\/\/marclaffolay.com\/?page_id=3028#primaryimage","url":"https:\/\/marclaffolay.com\/wp-content\/uploads\/undejeunersurlherbe.jpg","contentUrl":"https:\/\/marclaffolay.com\/wp-content\/uploads\/undejeunersurlherbe.jpg","width":1500,"height":1240},{"@type":"BreadcrumbList","@id":"https:\/\/marclaffolay.com\/?page_id=3028#breadcrumb","itemListElement":[{"@type":"ListItem","position":1,"name":"Accueil","item":"https:\/\/marclaffolay.com\/"},{"@type":"ListItem","position":2,"name":"UN DEJEUNER SUR L&rsquo;HERBE"}]},{"@type":"WebSite","@id":"https:\/\/marclaffolay.com\/#website","url":"https:\/\/marclaffolay.com\/","name":"MARC LAFFOLAY","description":"Artiste Marc Laffolay","potentialAction":[{"@type":"SearchAction","target":{"@type":"EntryPoint","urlTemplate":"https:\/\/marclaffolay.com\/?s={search_term_string}"},"query-input":{"@type":"PropertyValueSpecification","valueRequired":true,"valueName":"search_term_string"}}],"inLanguage":"fr-FR"}]}},"_links":{"self":[{"href":"https:\/\/marclaffolay.com\/index.php?rest_route=\/wp\/v2\/pages\/3028","targetHints":{"allow":["GET"]}}],"collection":[{"href":"https:\/\/marclaffolay.com\/index.php?rest_route=\/wp\/v2\/pages"}],"about":[{"href":"https:\/\/marclaffolay.com\/index.php?rest_route=\/wp\/v2\/types\/page"}],"author":[{"embeddable":true,"href":"https:\/\/marclaffolay.com\/index.php?rest_route=\/wp\/v2\/users\/1"}],"replies":[{"embeddable":true,"href":"https:\/\/marclaffolay.com\/index.php?rest_route=%2Fwp%2Fv2%2Fcomments&post=3028"}],"version-history":[{"count":1,"href":"https:\/\/marclaffolay.com\/index.php?rest_route=\/wp\/v2\/pages\/3028\/revisions"}],"predecessor-version":[{"id":3033,"href":"https:\/\/marclaffolay.com\/index.php?rest_route=\/wp\/v2\/pages\/3028\/revisions\/3033"}],"wp:attachment":[{"href":"https:\/\/marclaffolay.com\/index.php?rest_route=%2Fwp%2Fv2%2Fmedia&parent=3028"}],"curies":[{"name":"wp","href":"https:\/\/api.w.org\/{rel}","templated":true}]}}