{"id":642,"date":"2024-05-17T22:11:42","date_gmt":"2024-05-17T20:11:42","guid":{"rendered":"https:\/\/marclaffolay.com\/?page_id=642"},"modified":"2024-11-08T06:32:44","modified_gmt":"2024-11-08T05:32:44","slug":"balades","status":"publish","type":"page","link":"https:\/\/marclaffolay.com\/?page_id=642","title":{"rendered":""},"content":{"rendered":"\n<div class=\"wp-block-group alignwide is-content-justification-center is-nowrap is-layout-flex wp-container-core-group-is-layout-23441af8 wp-block-group-is-layout-flex\">\n<p class=\"has-white-color has-text-color has-link-color has-xx-large-font-size wp-elements-75bd7850cabc24645d079a478bf2c735\">Balades<\/p>\n<\/div>\n\n\n\n<div class=\"wp-block-group alignwide is-content-justification-center is-nowrap is-layout-flex wp-container-core-group-is-layout-23441af8 wp-block-group-is-layout-flex\">\n<figure class=\"wp-block-image size-large\"><a href=\"https:\/\/marclaffolay.com\/?page_id=2054\"><img loading=\"lazy\" decoding=\"async\" width=\"1024\" height=\"1024\" src=\"https:\/\/marclaffolay.com\/wp-content\/uploads\/arbresprincipale-1024x1024.jpg\" alt=\"Lien vers la page de l'\u0153uvre Print de titre ARBRES\" class=\"wp-image-2055\" srcset=\"https:\/\/marclaffolay.com\/wp-content\/uploads\/arbresprincipale-1024x1024.jpg 1024w, https:\/\/marclaffolay.com\/wp-content\/uploads\/arbresprincipale-300x300.jpg 300w, https:\/\/marclaffolay.com\/wp-content\/uploads\/arbresprincipale-150x150.jpg 150w, https:\/\/marclaffolay.com\/wp-content\/uploads\/arbresprincipale-768x768.jpg 768w, https:\/\/marclaffolay.com\/wp-content\/uploads\/arbresprincipale.jpg 1500w\" sizes=\"auto, (max-width: 1024px) 100vw, 1024px\" \/><\/a><\/figure>\n\n\n\n<figure class=\"wp-block-image size-large\"><a href=\"https:\/\/marclaffolay.com\/?page_id=2060\"><img loading=\"lazy\" decoding=\"async\" width=\"1024\" height=\"1024\" src=\"https:\/\/marclaffolay.com\/wp-content\/uploads\/brumeprincipale-1024x1024.jpg\" alt=\"Lien vers la page de l'\u0153uvre Print de titre BRUME\" class=\"wp-image-2061\" srcset=\"https:\/\/marclaffolay.com\/wp-content\/uploads\/brumeprincipale-1024x1024.jpg 1024w, https:\/\/marclaffolay.com\/wp-content\/uploads\/brumeprincipale-300x300.jpg 300w, https:\/\/marclaffolay.com\/wp-content\/uploads\/brumeprincipale-150x150.jpg 150w, https:\/\/marclaffolay.com\/wp-content\/uploads\/brumeprincipale-768x768.jpg 768w, https:\/\/marclaffolay.com\/wp-content\/uploads\/brumeprincipale.jpg 1500w\" sizes=\"auto, (max-width: 1024px) 100vw, 1024px\" \/><\/a><\/figure>\n\n\n\n<figure class=\"wp-block-image size-large\"><a href=\"https:\/\/marclaffolay.com\/?page_id=2066\"><img loading=\"lazy\" decoding=\"async\" width=\"1024\" height=\"1024\" src=\"https:\/\/marclaffolay.com\/wp-content\/uploads\/bythelakeprincipale-1024x1024.jpg\" alt=\"Lien vers la page de l'\u0153uvre Print de titre AU BORD DU LAC\" class=\"wp-image-2067\" srcset=\"https:\/\/marclaffolay.com\/wp-content\/uploads\/bythelakeprincipale-1024x1024.jpg 1024w, https:\/\/marclaffolay.com\/wp-content\/uploads\/bythelakeprincipale-300x300.jpg 300w, https:\/\/marclaffolay.com\/wp-content\/uploads\/bythelakeprincipale-150x150.jpg 150w, https:\/\/marclaffolay.com\/wp-content\/uploads\/bythelakeprincipale-768x768.jpg 768w, https:\/\/marclaffolay.com\/wp-content\/uploads\/bythelakeprincipale.jpg 1500w\" sizes=\"auto, (max-width: 1024px) 100vw, 1024px\" \/><\/a><\/figure>\n\n\n\n<figure class=\"wp-block-image size-large\"><a href=\"https:\/\/marclaffolay.com\/?page_id=2072\"><img loading=\"lazy\" decoding=\"async\" width=\"1024\" height=\"1024\" src=\"https:\/\/marclaffolay.com\/wp-content\/uploads\/lescheminsprincipale-1024x1024.jpg\" alt=\"Lien vers la page de l'\u0153uvre Print de titre CHEMINS\" class=\"wp-image-2073\" srcset=\"https:\/\/marclaffolay.com\/wp-content\/uploads\/lescheminsprincipale-1024x1024.jpg 1024w, https:\/\/marclaffolay.com\/wp-content\/uploads\/lescheminsprincipale-300x300.jpg 300w, https:\/\/marclaffolay.com\/wp-content\/uploads\/lescheminsprincipale-150x150.jpg 150w, https:\/\/marclaffolay.com\/wp-content\/uploads\/lescheminsprincipale-768x768.jpg 768w, https:\/\/marclaffolay.com\/wp-content\/uploads\/lescheminsprincipale.jpg 1500w\" sizes=\"auto, (max-width: 1024px) 100vw, 1024px\" \/><\/a><\/figure>\n<\/div>\n\n\n\n<div class=\"wp-block-group alignwide is-content-justification-center is-nowrap is-layout-flex wp-container-core-group-is-layout-23441af8 wp-block-group-is-layout-flex\">\n<figure class=\"wp-block-image size-large\"><a href=\"https:\/\/marclaffolay.com\/?page_id=2078\"><img loading=\"lazy\" decoding=\"async\" width=\"1024\" height=\"1024\" src=\"https:\/\/marclaffolay.com\/wp-content\/uploads\/empreintesprincipale-1024x1024.jpg\" alt=\"Lien vers la page de l'\u0153uvre Print de titre EMPREINTES\" class=\"wp-image-2080\" srcset=\"https:\/\/marclaffolay.com\/wp-content\/uploads\/empreintesprincipale-1024x1024.jpg 1024w, https:\/\/marclaffolay.com\/wp-content\/uploads\/empreintesprincipale-300x300.jpg 300w, https:\/\/marclaffolay.com\/wp-content\/uploads\/empreintesprincipale-150x150.jpg 150w, https:\/\/marclaffolay.com\/wp-content\/uploads\/empreintesprincipale-768x768.jpg 768w, https:\/\/marclaffolay.com\/wp-content\/uploads\/empreintesprincipale.jpg 1500w\" sizes=\"auto, (max-width: 1024px) 100vw, 1024px\" \/><\/a><\/figure>\n\n\n\n<figure class=\"wp-block-image size-large\"><a href=\"https:\/\/marclaffolay.com\/?page_id=2085\"><img loading=\"lazy\" decoding=\"async\" width=\"1024\" height=\"1024\" src=\"https:\/\/marclaffolay.com\/wp-content\/uploads\/encejardinprincipale-1024x1024.jpg\" alt=\"Lien vers la page de l'\u0153uvre Print de titre EN CE JARDIN\" class=\"wp-image-2086\" srcset=\"https:\/\/marclaffolay.com\/wp-content\/uploads\/encejardinprincipale-1024x1024.jpg 1024w, https:\/\/marclaffolay.com\/wp-content\/uploads\/encejardinprincipale-300x300.jpg 300w, https:\/\/marclaffolay.com\/wp-content\/uploads\/encejardinprincipale-150x150.jpg 150w, https:\/\/marclaffolay.com\/wp-content\/uploads\/encejardinprincipale-768x768.jpg 768w, https:\/\/marclaffolay.com\/wp-content\/uploads\/encejardinprincipale.jpg 1500w\" sizes=\"auto, (max-width: 1024px) 100vw, 1024px\" \/><\/a><\/figure>\n\n\n\n<figure class=\"wp-block-image size-large\"><a href=\"https:\/\/marclaffolay.com\/?page_id=2091\"><img loading=\"lazy\" decoding=\"async\" width=\"1024\" height=\"1024\" src=\"https:\/\/marclaffolay.com\/wp-content\/uploads\/jardinsprincipale-1024x1024.jpg\" alt=\"Lien vers la page de l'\u0153uvre Print de titre JARDINS\" class=\"wp-image-2092\" srcset=\"https:\/\/marclaffolay.com\/wp-content\/uploads\/jardinsprincipale-1024x1024.jpg 1024w, https:\/\/marclaffolay.com\/wp-content\/uploads\/jardinsprincipale-300x300.jpg 300w, https:\/\/marclaffolay.com\/wp-content\/uploads\/jardinsprincipale-150x150.jpg 150w, https:\/\/marclaffolay.com\/wp-content\/uploads\/jardinsprincipale-768x768.jpg 768w, https:\/\/marclaffolay.com\/wp-content\/uploads\/jardinsprincipale.jpg 1500w\" sizes=\"auto, (max-width: 1024px) 100vw, 1024px\" \/><\/a><\/figure>\n\n\n\n<figure class=\"wp-block-image size-large\"><a href=\"https:\/\/marclaffolay.com\/?page_id=2097\"><img loading=\"lazy\" decoding=\"async\" width=\"1024\" height=\"1024\" src=\"https:\/\/marclaffolay.com\/wp-content\/uploads\/limagineeprinciaple-1024x1024.jpg\" alt=\"Lien vers la page de l'\u0153uvre Print de titre L\u2019IMAGIN\u00c9E\" class=\"wp-image-2098\" srcset=\"https:\/\/marclaffolay.com\/wp-content\/uploads\/limagineeprinciaple-1024x1024.jpg 1024w, https:\/\/marclaffolay.com\/wp-content\/uploads\/limagineeprinciaple-300x300.jpg 300w, https:\/\/marclaffolay.com\/wp-content\/uploads\/limagineeprinciaple-150x150.jpg 150w, https:\/\/marclaffolay.com\/wp-content\/uploads\/limagineeprinciaple-768x768.jpg 768w, https:\/\/marclaffolay.com\/wp-content\/uploads\/limagineeprinciaple.jpg 1500w\" sizes=\"auto, (max-width: 1024px) 100vw, 1024px\" \/><\/a><\/figure>\n<\/div>\n\n\n\n<div class=\"wp-block-group alignwide is-content-justification-center is-nowrap is-layout-flex wp-container-core-group-is-layout-23441af8 wp-block-group-is-layout-flex\">\n<figure class=\"wp-block-image size-large\"><a href=\"https:\/\/marclaffolay.com\/?page_id=2103\"><img loading=\"lazy\" decoding=\"async\" width=\"1024\" height=\"1024\" src=\"https:\/\/marclaffolay.com\/wp-content\/uploads\/lamerprincipale-1-1024x1024.jpg\" alt=\"Lien vers la page de l'\u0153uvre Print de titre LA MER\" class=\"wp-image-2104\" srcset=\"https:\/\/marclaffolay.com\/wp-content\/uploads\/lamerprincipale-1-1024x1024.jpg 1024w, https:\/\/marclaffolay.com\/wp-content\/uploads\/lamerprincipale-1-300x300.jpg 300w, https:\/\/marclaffolay.com\/wp-content\/uploads\/lamerprincipale-1-150x150.jpg 150w, https:\/\/marclaffolay.com\/wp-content\/uploads\/lamerprincipale-1-768x768.jpg 768w, https:\/\/marclaffolay.com\/wp-content\/uploads\/lamerprincipale-1.jpg 1500w\" sizes=\"auto, (max-width: 1024px) 100vw, 1024px\" \/><\/a><\/figure>\n\n\n\n<figure class=\"wp-block-image size-large\"><a href=\"https:\/\/marclaffolay.com\/?page_id=2109\"><img loading=\"lazy\" decoding=\"async\" width=\"1024\" height=\"1024\" src=\"https:\/\/marclaffolay.com\/wp-content\/uploads\/lameretlesoirprinciaple-1024x1024.jpg\" alt=\"Lien vers la page de l'\u0153uvre Print de titre LA MER ET LE SOIR\" class=\"wp-image-2110\" srcset=\"https:\/\/marclaffolay.com\/wp-content\/uploads\/lameretlesoirprinciaple-1024x1024.jpg 1024w, https:\/\/marclaffolay.com\/wp-content\/uploads\/lameretlesoirprinciaple-300x300.jpg 300w, https:\/\/marclaffolay.com\/wp-content\/uploads\/lameretlesoirprinciaple-150x150.jpg 150w, https:\/\/marclaffolay.com\/wp-content\/uploads\/lameretlesoirprinciaple-768x768.jpg 768w, https:\/\/marclaffolay.com\/wp-content\/uploads\/lameretlesoirprinciaple.jpg 1500w\" sizes=\"auto, (max-width: 1024px) 100vw, 1024px\" \/><\/a><\/figure>\n\n\n\n<figure class=\"wp-block-image size-large\"><a href=\"https:\/\/marclaffolay.com\/?page_id=2115\"><img loading=\"lazy\" decoding=\"async\" width=\"1024\" height=\"1024\" src=\"https:\/\/marclaffolay.com\/wp-content\/uploads\/lasalamandreprincipale-1024x1024.jpg\" alt=\"Lien vers la page de l'\u0153uvre Print de titre LA SALAMANDRE\" class=\"wp-image-2116\" srcset=\"https:\/\/marclaffolay.com\/wp-content\/uploads\/lasalamandreprincipale-1024x1024.jpg 1024w, https:\/\/marclaffolay.com\/wp-content\/uploads\/lasalamandreprincipale-300x300.jpg 300w, https:\/\/marclaffolay.com\/wp-content\/uploads\/lasalamandreprincipale-150x150.jpg 150w, https:\/\/marclaffolay.com\/wp-content\/uploads\/lasalamandreprincipale-768x768.jpg 768w, https:\/\/marclaffolay.com\/wp-content\/uploads\/lasalamandreprincipale.jpg 1500w\" sizes=\"auto, (max-width: 1024px) 100vw, 1024px\" \/><\/a><\/figure>\n\n\n\n<figure class=\"wp-block-image size-large\"><a href=\"https:\/\/marclaffolay.com\/?page_id=2121\"><img loading=\"lazy\" decoding=\"async\" width=\"1024\" height=\"1024\" src=\"https:\/\/marclaffolay.com\/wp-content\/uploads\/oxygeneprincipale-1024x1024.jpg\" alt=\"Lien vers la page de l'\u0153uvre Print de titre OXYG\u00c8NE\" class=\"wp-image-2122\" srcset=\"https:\/\/marclaffolay.com\/wp-content\/uploads\/oxygeneprincipale-1024x1024.jpg 1024w, https:\/\/marclaffolay.com\/wp-content\/uploads\/oxygeneprincipale-300x300.jpg 300w, https:\/\/marclaffolay.com\/wp-content\/uploads\/oxygeneprincipale-150x150.jpg 150w, https:\/\/marclaffolay.com\/wp-content\/uploads\/oxygeneprincipale-768x768.jpg 768w, https:\/\/marclaffolay.com\/wp-content\/uploads\/oxygeneprincipale.jpg 1500w\" sizes=\"auto, (max-width: 1024px) 100vw, 1024px\" \/><\/a><\/figure>\n<\/div>\n\n\n\n<div class=\"wp-block-group alignwide is-content-justification-center is-nowrap is-layout-flex wp-container-core-group-is-layout-23441af8 wp-block-group-is-layout-flex\"><\/div>\n\n\n\n<p><\/p>\n","protected":false},"excerpt":{"rendered":"<p>Balades<\/p>\n","protected":false},"author":1,"featured_media":0,"parent":0,"menu_order":0,"comment_status":"closed","ping_status":"closed","template":"","meta":{"footnotes":""},"class_list":["post-642","page","type-page","status-publish","hentry"],"yoast_head":"<!-- This site is optimized with the Yoast SEO plugin v27.3 - https:\/\/yoast.com\/product\/yoast-seo-wordpress\/ -->\n<title>Balades - MARC LAFFOLAY<\/title>\n<meta name=\"description\" content=\"Acc\u00e9dez \u00e0 la s\u00e9rie BALADES, Prints en \u00e9ditions limit\u00e9es r\u00e9alis\u00e9es par Marc Laffolay\" \/>\n<meta name=\"robots\" content=\"index, follow, max-snippet:-1, max-image-preview:large, max-video-preview:-1\" \/>\n<link rel=\"canonical\" href=\"https:\/\/marclaffolay.com\/?page_id=642\" \/>\n<meta property=\"og:locale\" content=\"fr_FR\" \/>\n<meta property=\"og:type\" content=\"article\" \/>\n<meta property=\"og:title\" content=\"Balades - MARC LAFFOLAY\" \/>\n<meta property=\"og:description\" content=\"Acc\u00e9dez \u00e0 la s\u00e9rie BALADES, Prints en \u00e9ditions limit\u00e9es r\u00e9alis\u00e9es par Marc Laffolay\" \/>\n<meta property=\"og:url\" content=\"https:\/\/marclaffolay.com\/?page_id=642\" \/>\n<meta property=\"og:site_name\" content=\"MARC LAFFOLAY\" \/>\n<meta property=\"article:modified_time\" content=\"2024-11-08T05:32:44+00:00\" \/>\n<meta property=\"og:image\" content=\"https:\/\/marclaffolay.com\/wp-content\/uploads\/arbresprincipale.jpg\" \/>\n\t<meta property=\"og:image:width\" content=\"1500\" \/>\n\t<meta property=\"og:image:height\" content=\"1500\" \/>\n\t<meta property=\"og:image:type\" content=\"image\/jpeg\" \/>\n<meta name=\"twitter:card\" content=\"summary_large_image\" \/>\n<meta name=\"twitter:label1\" content=\"Dur\u00e9e de lecture estim\u00e9e\" \/>\n\t<meta name=\"twitter:data1\" content=\"3 minutes\" \/>\n<script type=\"application\/ld+json\" class=\"yoast-schema-graph\">{\"@context\":\"https:\\\/\\\/schema.org\",\"@graph\":[{\"@type\":\"WebPage\",\"@id\":\"https:\\\/\\\/marclaffolay.com\\\/?page_id=642\",\"url\":\"https:\\\/\\\/marclaffolay.com\\\/?page_id=642\",\"name\":\"Balades - MARC LAFFOLAY\",\"isPartOf\":{\"@id\":\"https:\\\/\\\/marclaffolay.com\\\/#website\"},\"primaryImageOfPage\":{\"@id\":\"https:\\\/\\\/marclaffolay.com\\\/?page_id=642#primaryimage\"},\"image\":{\"@id\":\"https:\\\/\\\/marclaffolay.com\\\/?page_id=642#primaryimage\"},\"thumbnailUrl\":\"https:\\\/\\\/marclaffolay.com\\\/wp-content\\\/uploads\\\/arbresprincipale-1024x1024.jpg\",\"datePublished\":\"2024-05-17T20:11:42+00:00\",\"dateModified\":\"2024-11-08T05:32:44+00:00\",\"description\":\"Acc\u00e9dez \u00e0 la s\u00e9rie BALADES, Prints en \u00e9ditions limit\u00e9es r\u00e9alis\u00e9es par Marc Laffolay\",\"breadcrumb\":{\"@id\":\"https:\\\/\\\/marclaffolay.com\\\/?page_id=642#breadcrumb\"},\"inLanguage\":\"fr-FR\",\"potentialAction\":[{\"@type\":\"ReadAction\",\"target\":[\"https:\\\/\\\/marclaffolay.com\\\/?page_id=642\"]}]},{\"@type\":\"ImageObject\",\"inLanguage\":\"fr-FR\",\"@id\":\"https:\\\/\\\/marclaffolay.com\\\/?page_id=642#primaryimage\",\"url\":\"https:\\\/\\\/marclaffolay.com\\\/wp-content\\\/uploads\\\/arbresprincipale.jpg\",\"contentUrl\":\"https:\\\/\\\/marclaffolay.com\\\/wp-content\\\/uploads\\\/arbresprincipale.jpg\",\"width\":1500,\"height\":1500},{\"@type\":\"BreadcrumbList\",\"@id\":\"https:\\\/\\\/marclaffolay.com\\\/?page_id=642#breadcrumb\",\"itemListElement\":[{\"@type\":\"ListItem\",\"position\":1,\"name\":\"Accueil\",\"item\":\"https:\\\/\\\/marclaffolay.com\\\/\"},{\"@type\":\"ListItem\",\"position\":2,\"name\":\"Balades\"}]},{\"@type\":\"WebSite\",\"@id\":\"https:\\\/\\\/marclaffolay.com\\\/#website\",\"url\":\"https:\\\/\\\/marclaffolay.com\\\/\",\"name\":\"MARC LAFFOLAY\",\"description\":\"Artiste Marc Laffolay\",\"potentialAction\":[{\"@type\":\"SearchAction\",\"target\":{\"@type\":\"EntryPoint\",\"urlTemplate\":\"https:\\\/\\\/marclaffolay.com\\\/?s={search_term_string}\"},\"query-input\":{\"@type\":\"PropertyValueSpecification\",\"valueRequired\":true,\"valueName\":\"search_term_string\"}}],\"inLanguage\":\"fr-FR\"}]}<\/script>\n<!-- \/ Yoast SEO plugin. -->","yoast_head_json":{"title":"Balades - MARC LAFFOLAY","description":"Acc\u00e9dez \u00e0 la s\u00e9rie BALADES, Prints en \u00e9ditions limit\u00e9es r\u00e9alis\u00e9es par Marc Laffolay","robots":{"index":"index","follow":"follow","max-snippet":"max-snippet:-1","max-image-preview":"max-image-preview:large","max-video-preview":"max-video-preview:-1"},"canonical":"https:\/\/marclaffolay.com\/?page_id=642","og_locale":"fr_FR","og_type":"article","og_title":"Balades - MARC LAFFOLAY","og_description":"Acc\u00e9dez \u00e0 la s\u00e9rie BALADES, Prints en \u00e9ditions limit\u00e9es r\u00e9alis\u00e9es par Marc Laffolay","og_url":"https:\/\/marclaffolay.com\/?page_id=642","og_site_name":"MARC LAFFOLAY","article_modified_time":"2024-11-08T05:32:44+00:00","og_image":[{"width":1500,"height":1500,"url":"https:\/\/marclaffolay.com\/wp-content\/uploads\/arbresprincipale.jpg","type":"image\/jpeg"}],"twitter_card":"summary_large_image","twitter_misc":{"Dur\u00e9e de lecture estim\u00e9e":"3 minutes"},"schema":{"@context":"https:\/\/schema.org","@graph":[{"@type":"WebPage","@id":"https:\/\/marclaffolay.com\/?page_id=642","url":"https:\/\/marclaffolay.com\/?page_id=642","name":"Balades - MARC LAFFOLAY","isPartOf":{"@id":"https:\/\/marclaffolay.com\/#website"},"primaryImageOfPage":{"@id":"https:\/\/marclaffolay.com\/?page_id=642#primaryimage"},"image":{"@id":"https:\/\/marclaffolay.com\/?page_id=642#primaryimage"},"thumbnailUrl":"https:\/\/marclaffolay.com\/wp-content\/uploads\/arbresprincipale-1024x1024.jpg","datePublished":"2024-05-17T20:11:42+00:00","dateModified":"2024-11-08T05:32:44+00:00","description":"Acc\u00e9dez \u00e0 la s\u00e9rie BALADES, Prints en \u00e9ditions limit\u00e9es r\u00e9alis\u00e9es par Marc Laffolay","breadcrumb":{"@id":"https:\/\/marclaffolay.com\/?page_id=642#breadcrumb"},"inLanguage":"fr-FR","potentialAction":[{"@type":"ReadAction","target":["https:\/\/marclaffolay.com\/?page_id=642"]}]},{"@type":"ImageObject","inLanguage":"fr-FR","@id":"https:\/\/marclaffolay.com\/?page_id=642#primaryimage","url":"https:\/\/marclaffolay.com\/wp-content\/uploads\/arbresprincipale.jpg","contentUrl":"https:\/\/marclaffolay.com\/wp-content\/uploads\/arbresprincipale.jpg","width":1500,"height":1500},{"@type":"BreadcrumbList","@id":"https:\/\/marclaffolay.com\/?page_id=642#breadcrumb","itemListElement":[{"@type":"ListItem","position":1,"name":"Accueil","item":"https:\/\/marclaffolay.com\/"},{"@type":"ListItem","position":2,"name":"Balades"}]},{"@type":"WebSite","@id":"https:\/\/marclaffolay.com\/#website","url":"https:\/\/marclaffolay.com\/","name":"MARC LAFFOLAY","description":"Artiste Marc Laffolay","potentialAction":[{"@type":"SearchAction","target":{"@type":"EntryPoint","urlTemplate":"https:\/\/marclaffolay.com\/?s={search_term_string}"},"query-input":{"@type":"PropertyValueSpecification","valueRequired":true,"valueName":"search_term_string"}}],"inLanguage":"fr-FR"}]}},"_links":{"self":[{"href":"https:\/\/marclaffolay.com\/index.php?rest_route=\/wp\/v2\/pages\/642","targetHints":{"allow":["GET"]}}],"collection":[{"href":"https:\/\/marclaffolay.com\/index.php?rest_route=\/wp\/v2\/pages"}],"about":[{"href":"https:\/\/marclaffolay.com\/index.php?rest_route=\/wp\/v2\/types\/page"}],"author":[{"embeddable":true,"href":"https:\/\/marclaffolay.com\/index.php?rest_route=\/wp\/v2\/users\/1"}],"replies":[{"embeddable":true,"href":"https:\/\/marclaffolay.com\/index.php?rest_route=%2Fwp%2Fv2%2Fcomments&post=642"}],"version-history":[{"count":19,"href":"https:\/\/marclaffolay.com\/index.php?rest_route=\/wp\/v2\/pages\/642\/revisions"}],"predecessor-version":[{"id":2448,"href":"https:\/\/marclaffolay.com\/index.php?rest_route=\/wp\/v2\/pages\/642\/revisions\/2448"}],"wp:attachment":[{"href":"https:\/\/marclaffolay.com\/index.php?rest_route=%2Fwp%2Fv2%2Fmedia&parent=642"}],"curies":[{"name":"wp","href":"https:\/\/api.w.org\/{rel}","templated":true}]}}